{"id":1119,"date":"2019-05-27T16:02:39","date_gmt":"2019-05-27T20:02:39","guid":{"rendered":"https:\/\/jackalope.tribu.co\/?page_id=1119"},"modified":"2023-10-24T10:15:14","modified_gmt":"2023-10-24T14:15:14","slug":"bring-it-home","status":"publish","type":"page","link":"https:\/\/barbegazi.tribu.co\/fr\/bring-it-home\/","title":{"rendered":"Dans votre ville"},"content":{"rendered":"<section block class=\"b-header-text-image\" data-watch>\n\t<div class=\"container-inset\">\n\n\t\t<div class=\"b-header-text-image-head\"><\/div>\n\t\t<div class=\"b-header-text-image-body\">\n\n\t\t\t<div class=\"b-header-text-image-side\">\n\t\t\t\t<div class=\"b-header-text-image-side-image\">\n\t\t\t\t\t<div class=\"image image--with-layer\"><div class=\"layer\" style=\"background-image: url(http:\/\/barbegazi.tribu.co\/wp-content\/uploads\/sites\/4\/2019\/09\/2019023_Barbegazi_CBM_7D2_2668-780x670-c-default.jpg)\"><\/div><\/div>\n\t\t\t\t<\/div>\n\t\t\t<\/div>\n\n\t\t\t<div class=\"b-header-text-image-main\">\n\n\t\t\t\t<div class=\"b-header-text-image-heading wysiwyg\" data-break-lines=\"h1, h2, p\">\n\t\t\t\t\t<h1>Dans<br \/>\nVotre Ville<\/h1>\n\n\t\t\t\t<\/div>\n\n\t\t\t\t<div class=\"b-header-text-image-content wysiwyg wysiwyg--lower wysiwyg--color\">\n\t\t\t\t\t<p>Cr\u00e9ature mythique qu\u2019on reconna\u00eet \u00e0 sa barbe compl\u00e8tement gel\u00e9e, le BARBEGAZI est apparu pour la premi\u00e8re fois au Qu\u00e9bec en 2013 pour fonder un festival hivernal gratuit qui porte son nom. Sa mission : transmettre son amour pour sa saison pr\u00e9f\u00e9r\u00e9e.<\/p>\n<p>V\u00e9ritable c\u00e9l\u00e9bration des activit\u00e9s hivernales, BARBEGAZI permet aux communaut\u00e9s d\u2019\u00e9viter le blues de la saison froide en leur faisant d\u00e9couvrir des activit\u00e9s ext\u00e9rieures qui sont agr\u00e9ables m\u00eame lorsque le mercure est au plus bas!<\/p>\n\n\t\t\t\t<\/div>\n\n\t\t\t<\/div>\n\n\t\t<\/div>\n\n\t<\/div>\n<\/section>\n\n<section block class=\"b-quote\" data-watch>\n\t<div class=\"container\">\n\n\t\t<div class=\"b-quote-body\">\n\n\t\t\t<div class=\"b-quote-open\">\n\t\t\t\t<span>\u00ab<\/span>\n\t\t\t<\/div>\n\n\t\t\t<div class=\"b-quote-content wysiwyg\" data-break-lines=\"h1, h2, p\">\n\t\t\t\t<p>Le sport a le pouvoir de changer le monde. Il a le\u00a0pouvoir\u00a0d&#8217;unir les gens d&#8217;une mani\u00e8re quasi-unique<\/p>\n\n\t\t\t<\/div>\n\n\t\t\t<div class=\"b-quote-close\">\n\t\t\t\t<span>\u00bb<\/span>\n\t\t\t<\/div>\n\n\t\t<\/div>\n\n\t\t\t\t\t<div class=\"b-quote-foot\">\n\t\t\t\t<div class=\"b-quote-source\">\n\t\t\t\t\t<div class=\"b-quote-source-text\">\n\t\t\t\t\t\tNelson Mandela  \n\t\t\t\t\t<\/div>\n\t\t\t\t<\/div>\n\t\t\t<\/div>\n\t\t\n\t<\/div>\n<\/section>\n\n<section block class=\"b-text-mosaic\" data-watch>\n\t<div class=\"container\">\n\n\t\t\t\t\t<div class=\"b-text-mosaic-heading wysiwyg\">\n\t\t\t\t<h2>Les<br \/>\nB\u00e9n\u00e9fices<\/h2>\n\n\t\t\t<\/div>\n\t\t\n\t\t<div class=\"b-text-mosaic-items\">\n\n\t\t\t\n\t\t\t\t<div\n\t\t\t\t\tclass=\"b-text-mosaic-item\"\n\t\t\t\t\tdata-watch\n\t\t\t\t\tdata-watch-enter=\"0.65\"\n\t\t\t\t\tdata-watch-class=\"item-on-screen\">\n\n\t\t\t\t\t<div class=\"b-text-mosaic-item-head\"><div class=\"image image--with-layer\"><div class=\"layer\" style=\"background-image: url(http:\/\/barbegazi.tribu.co\/wp-content\/uploads\/sites\/4\/2019\/09\/2019023_Barbegazi_CBM_1DX_1706-640x0-c-default.jpg)\"><\/div><\/div><\/div>\n\t\t\t\t\t<div class=\"b-text-mosaic-item-body\">\n\n\t\t\t\t\t\t\t\t\t\t\t\t\t<h4 class=\"b-text-mosaic-item-pre\">\n\t\t\t\t\t\t\t\tB\u00e9n\u00e9fice #1\n\t\t\t\t\t\t\t<\/h4>\n\t\t\t\t\t\t\n\t\t\t\t\t\t<div class=\"b-text-mosaic-item-content wysiwyg wysiwyg--lower\">\n\t\t\t\t\t\t\t<h3>Attirer et divertir votre communaut\u00e9<\/h3>\n<p>BARBEGAZI est une opportunit\u00e9 pour la communaut\u00e9 de se rassembler autour d\u2019un \u00e9v\u00e9nement accessible \u00e0 tous pendant l\u2019hiver, en proposant des divertissement originaux.<\/p>\n\n\t\t\t\t\t\t<\/div>\n\n\t\t\t\t\t<\/div>\n\n\t\t\t\t<\/div>\n\n\t\t\t\n\t\t\t\t<div\n\t\t\t\t\tclass=\"b-text-mosaic-item\"\n\t\t\t\t\tdata-watch\n\t\t\t\t\tdata-watch-enter=\"0.65\"\n\t\t\t\t\tdata-watch-class=\"item-on-screen\">\n\n\t\t\t\t\t<div class=\"b-text-mosaic-item-head\"><div class=\"image image--with-layer\"><div class=\"layer\" style=\"background-image: url(http:\/\/barbegazi.tribu.co\/wp-content\/uploads\/sites\/4\/2019\/09\/10-640x0-c-default.jpg)\"><\/div><\/div><\/div>\n\t\t\t\t\t<div class=\"b-text-mosaic-item-body\">\n\n\t\t\t\t\t\t\t\t\t\t\t\t\t<h4 class=\"b-text-mosaic-item-pre\">\n\t\t\t\t\t\t\t\tB\u00e9n\u00e9fice #3\n\t\t\t\t\t\t\t<\/h4>\n\t\t\t\t\t\t\n\t\t\t\t\t\t<div class=\"b-text-mosaic-item-content wysiwyg wysiwyg--lower\">\n\t\t\t\t\t\t\t<h3>Augmenter le tourisme et g\u00e9n\u00e9rer des retomb\u00e9es \u00e9conomiques<\/h3>\n<p>Ajoutez un \u00e9v\u00e9nement majeur \u00e0 votre agenda de divertissements, et g\u00e9n\u00e9rez un impact positif en impliquant directement les acteurs locaux dans la production.<\/p>\n\n\t\t\t\t\t\t<\/div>\n\n\t\t\t\t\t<\/div>\n\n\t\t\t\t<\/div>\n\n\t\t\t\n\t\t\t\t<div\n\t\t\t\t\tclass=\"b-text-mosaic-item\"\n\t\t\t\t\tdata-watch\n\t\t\t\t\tdata-watch-enter=\"0.65\"\n\t\t\t\t\tdata-watch-class=\"item-on-screen\">\n\n\t\t\t\t\t<div class=\"b-text-mosaic-item-head\"><div class=\"image image--with-layer\"><div class=\"layer\" style=\"background-image: url(http:\/\/barbegazi.tribu.co\/wp-content\/uploads\/sites\/4\/2019\/09\/20190224_Barbegazi_CBM_0680-640x0-c-default.jpg)\"><\/div><\/div><\/div>\n\t\t\t\t\t<div class=\"b-text-mosaic-item-body\">\n\n\t\t\t\t\t\t\t\t\t\t\t\t\t<h4 class=\"b-text-mosaic-item-pre\">\n\t\t\t\t\t\t\t\tB\u00e9n\u00e9fice #2\n\t\t\t\t\t\t\t<\/h4>\n\t\t\t\t\t\t\n\t\t\t\t\t\t<div class=\"b-text-mosaic-item-content wysiwyg wysiwyg--lower\">\n\t\t\t\t\t\t\t<h3>Inspirer un mode de vie<\/h3>\n<p>BARBEGAZI incite \u00e0 d\u00e9couvrir diff\u00e9rents sports hivernaux, et \u00e0 s\u2019identifier dans le lifestyle qui s\u2019y rattache.<\/p>\n\n\t\t\t\t\t\t<\/div>\n\n\t\t\t\t\t<\/div>\n\n\t\t\t\t<\/div>\n\n\t\t\t\n\t\t<\/div>\n\n\t<\/div>\n<\/section>\n\n<section block class=\"b-text-image-list\" data-watch>\n\t<div class=\"container-inset\">\n\n\t\t\n\t\t<div class=\"b-text-image-list-items\">\n\n\t\t\t\n\t\t\t\t<div\n\t\t\t\t\tclass=\"b-text-image-list-item\"\n\t\t\t\t\tdata-watch\n\t\t\t\t\tdata-watch-enter=\"0.65\"\n\t\t\t\t\tdata-watch-class=\"item-on-screen\">\n\n\t\t\t\t\t<div class=\"b-text-image-list-item-side\">\n\n\t\t\t\t\t\t\t\t\t\t\t\t\t<div class=\"image image--with-layer\"><div class=\"layer\" style=\"background-image: url(http:\/\/barbegazi.tribu.co\/wp-content\/uploads\/sites\/4\/2019\/09\/LUD8739_12dec_vincentsauriolnado-1024x0-c-default.jpg)\"><\/div><\/div>\n\t\t\t\t\t\t\n\t\t\t\t\t\t\n\t\t\t\t\t\t\t<div\n\t\t\t\t\t\t\t\tclass=\"b-text-image-list-item-value\"\n\t\t\t\t\t\t\t\tdata-watch\n\t\t\t\t\t\t\t\tdata-watch-class=\"item-on-screen\"\n\t\t\t\t\t\t\t\tdata-watch-enter=\"0.65\">\n\n\t\t\t\t\t\t\t\t<div\n\t\t\t\t\t\t\t\t\tclass=\"b-text-image-list-item-value-text\"\n\t\t\t\t\t\t\t\t\tdata-scroll-animation=\"transform\"\n\t\t\t\t\t\t\t\t\tdata-scroll-animation-format=\"translateY(%vrem) translateZ(0)\"\n\t\t\t\t\t\t\t\t\tdata-scroll-animation-min=\"+5\"\n\t\t\t\t\t\t\t\t\tdata-scroll-animation-max=\"-5\">\n\t\t\t\t\t\t\t\t\t01\n\t\t\t\t\t\t\t\t<\/div>\n\n\t\t\t\t\t\t\t<\/div>\n\n\t\t\t\t\t\t\n\t\t\t\t\t<\/div>\n\n\t\t\t\t\t<div class=\"b-text-image-list-item-main\">\n\n\t\t\t\t\t\t\t\t\t\t\t\t\t<div class=\"b-text-image-list-item-heading wysiwyg\" data-break-lines=\"h1, h2, p\">\n\t\t\t\t\t\t\t\t<h2>Inspirer<\/h2>\n\n\t\t\t\t\t\t\t<\/div>\n\t\t\t\t\t\t\n\t\t\t\t\t\t\t\t\t\t\t\t\t<div class=\"b-text-image-list-item-content wysiwyg\">\n\t\t\t\t\t\t\t\t<p>Le sport est bien plus qu\u2019une activit\u00e9 physique. C\u2019est un \u00e9tat d\u2019esprit, un mode de vie. Notre programmation est une opportunit\u00e9 de d\u00e9couvrir de nouvelles activit\u00e9s, et de d\u00e9passer ses limites.<\/p>\n\n\t\t\t\t\t\t\t<\/div>\n\t\t\t\t\t\t\n\t\t\t\t\t<\/div>\n\t\t\t\t<\/div>\n\n\t\t\t\n\t\t\t\t<div\n\t\t\t\t\tclass=\"b-text-image-list-item\"\n\t\t\t\t\tdata-watch\n\t\t\t\t\tdata-watch-enter=\"0.65\"\n\t\t\t\t\tdata-watch-class=\"item-on-screen\">\n\n\t\t\t\t\t<div class=\"b-text-image-list-item-side\">\n\n\t\t\t\t\t\t\t\t\t\t\t\t\t<div class=\"image image--with-layer\"><div class=\"layer\" style=\"background-image: url(http:\/\/barbegazi.tribu.co\/wp-content\/uploads\/sites\/4\/2019\/09\/2019023_Barbegazi_CBM_7D2_3520-1024x0-c-default.jpg)\"><\/div><\/div>\n\t\t\t\t\t\t\n\t\t\t\t\t\t\n\t\t\t\t\t\t\t<div\n\t\t\t\t\t\t\t\tclass=\"b-text-image-list-item-value\"\n\t\t\t\t\t\t\t\tdata-watch\n\t\t\t\t\t\t\t\tdata-watch-class=\"item-on-screen\"\n\t\t\t\t\t\t\t\tdata-watch-enter=\"0.65\">\n\n\t\t\t\t\t\t\t\t<div\n\t\t\t\t\t\t\t\t\tclass=\"b-text-image-list-item-value-text\"\n\t\t\t\t\t\t\t\t\tdata-scroll-animation=\"transform\"\n\t\t\t\t\t\t\t\t\tdata-scroll-animation-format=\"translateY(%vrem) translateZ(0)\"\n\t\t\t\t\t\t\t\t\tdata-scroll-animation-min=\"+5\"\n\t\t\t\t\t\t\t\t\tdata-scroll-animation-max=\"-5\">\n\t\t\t\t\t\t\t\t\t02\n\t\t\t\t\t\t\t\t<\/div>\n\n\t\t\t\t\t\t\t<\/div>\n\n\t\t\t\t\t\t\n\t\t\t\t\t<\/div>\n\n\t\t\t\t\t<div class=\"b-text-image-list-item-main\">\n\n\t\t\t\t\t\t\t\t\t\t\t\t\t<div class=\"b-text-image-list-item-heading wysiwyg\" data-break-lines=\"h1, h2, p\">\n\t\t\t\t\t\t\t\t<h2>Connecter<\/h2>\n\n\t\t\t\t\t\t\t<\/div>\n\t\t\t\t\t\t\n\t\t\t\t\t\t\t\t\t\t\t\t\t<div class=\"b-text-image-list-item-content wysiwyg\">\n\t\t\t\t\t\t\t\t<p>Nos activit\u00e9s hivernales permettent de rassembler les g\u00e9n\u00e9rations pour partager des exp\u00e9riences dans un contexte hors du commun. \u00c0 BARBEGAZI, on cr\u00e9e de nouveaux souvenirs entre amis ou en famille.<\/p>\n\n\t\t\t\t\t\t\t<\/div>\n\t\t\t\t\t\t\n\t\t\t\t\t<\/div>\n\t\t\t\t<\/div>\n\n\t\t\t\n\t\t\t\t<div\n\t\t\t\t\tclass=\"b-text-image-list-item\"\n\t\t\t\t\tdata-watch\n\t\t\t\t\tdata-watch-enter=\"0.65\"\n\t\t\t\t\tdata-watch-class=\"item-on-screen\">\n\n\t\t\t\t\t<div class=\"b-text-image-list-item-side\">\n\n\t\t\t\t\t\t\t\t\t\t\t\t\t<div class=\"image image--with-layer\"><div class=\"layer\" style=\"background-image: url(http:\/\/barbegazi.tribu.co\/wp-content\/uploads\/sites\/4\/2019\/09\/2019023_Barbegazi_CBM_1DX_1111-1024x0-c-default.jpg)\"><\/div><\/div>\n\t\t\t\t\t\t\n\t\t\t\t\t\t\n\t\t\t\t\t\t\t<div\n\t\t\t\t\t\t\t\tclass=\"b-text-image-list-item-value\"\n\t\t\t\t\t\t\t\tdata-watch\n\t\t\t\t\t\t\t\tdata-watch-class=\"item-on-screen\"\n\t\t\t\t\t\t\t\tdata-watch-enter=\"0.65\">\n\n\t\t\t\t\t\t\t\t<div\n\t\t\t\t\t\t\t\t\tclass=\"b-text-image-list-item-value-text\"\n\t\t\t\t\t\t\t\t\tdata-scroll-animation=\"transform\"\n\t\t\t\t\t\t\t\t\tdata-scroll-animation-format=\"translateY(%vrem) translateZ(0)\"\n\t\t\t\t\t\t\t\t\tdata-scroll-animation-min=\"+5\"\n\t\t\t\t\t\t\t\t\tdata-scroll-animation-max=\"-5\">\n\t\t\t\t\t\t\t\t\t03\n\t\t\t\t\t\t\t\t<\/div>\n\n\t\t\t\t\t\t\t<\/div>\n\n\t\t\t\t\t\t\n\t\t\t\t\t<\/div>\n\n\t\t\t\t\t<div class=\"b-text-image-list-item-main\">\n\n\t\t\t\t\t\t\t\t\t\t\t\t\t<div class=\"b-text-image-list-item-heading wysiwyg\" data-break-lines=\"h1, h2, p\">\n\t\t\t\t\t\t\t\t<h2>S&#8217;amuser<\/h2>\n\n\t\t\t\t\t\t\t<\/div>\n\t\t\t\t\t\t\n\t\t\t\t\t\t\t\t\t\t\t\t\t<div class=\"b-text-image-list-item-content wysiwyg\">\n\t\t\t\t\t\t\t\t<p>On le dit souvent, l\u2019important dans le sport, ce n\u2019est pas de gagner mais bien de participer. Pas de comp\u00e9tition, juste le plaisir de d\u00e9couvrir, essayer, pers\u00e9v\u00e9rer et surtout partager, pour les petits comme les grands.<\/p>\n\n\t\t\t\t\t\t\t<\/div>\n\t\t\t\t\t\t\n\t\t\t\t\t<\/div>\n\t\t\t\t<\/div>\n\n\t\t\t\n\t\t<\/div>\n\n\t<\/div>\n<\/section>\n\n<section block class=\"b-text-separator\" data-watch>\n\t<div class=\"container\">\n\t\t<div class=\"b-text-separator-content wysiwyg\">\n\t\t\t<p>\n\t\t\t\t\t\t\t\t\t<span>Festival<\/span>\n\t\t\t\t\t\t\t\t\t<span>Barbegazi<\/span>\n\t\t\t\t\t\t\t<\/p>\n\t\t<\/div>\n\t<\/div>\n<\/section>\n\n<section block class=\"b-enum\" data-watch>\n\t<div class=\"container-inset\">\n\n\t\t\t\t\t<div class=\"b-enum-heading wysiwyg wysiwyg--small wysiwyg--color\">\n\t\t\t\t<h2>Statistiques<br \/>\n2019<\/h2>\n\n\t\t\t<\/div>\n\t\t\n\t\t<div class=\"b-enum-items\">\n\n\t\t\t\n\t\t\t\t<div\n\t\t\t\t\tclass=\"b-enum-item\"\n\t\t\t\t\tdata-watch\n\t\t\t\t\tdata-watch-enter=\"0.65\"\n\t\t\t\t\tdata-watch-class=\"item-on-screen\"\n\t\t\t\t\tdata-break-lines=\".b-enum-item-value\">\n\n\t\t\t\t\t\t\t\t\t\t\t<div class=\"b-enum-item-value\">\n\t\t\t\t\t\t\t3 Villes\n\t\t\t\t\t\t<\/div>\n\t\t\t\t\t\n\t\t\t\t\t\t\t\t\t\t\t<div class=\"b-enum-item-label\">\n\t\t\t\t\t\t\tMontr\u00e9al &#8211; Summerside &#8211; Denver\n\t\t\t\t\t\t<\/div>\n\t\t\t\t\t\n\t\t\t\t<\/div>\n\n\t\t\t\n\t\t\t\t<div\n\t\t\t\t\tclass=\"b-enum-item\"\n\t\t\t\t\tdata-watch\n\t\t\t\t\tdata-watch-enter=\"0.65\"\n\t\t\t\t\tdata-watch-class=\"item-on-screen\"\n\t\t\t\t\tdata-break-lines=\".b-enum-item-value\">\n\n\t\t\t\t\t\t\t\t\t\t\t<div class=\"b-enum-item-value\">\n\t\t\t\t\t\t\tPlus de 20 000 festivaliers \n\t\t\t\t\t\t<\/div>\n\t\t\t\t\t\n\t\t\t\t\t\t\t\t\t\t\t<div class=\"b-enum-item-label\">\n\t\t\t\t\t\t\tUniquement en 2019\n\t\t\t\t\t\t<\/div>\n\t\t\t\t\t\n\t\t\t\t<\/div>\n\n\t\t\t\n\t\t<\/div>\n\n\t\t\t\t\t<div class=\"b-enum-footing wysiwyg wysiwyg--small wysiwyg--color\">\n\t\t\t\t<h2>Toujours<br \/>\npas convaincu ?<\/h2>\n<p><a class=\"button button--more\" href=\"mailto:micah@tribu.co\">Let&#8217;s talk!<\/a><\/p>\n\n\t\t\t<\/div>\n\t\t\n\t<\/div>\n<\/section>\n\n<section block class=\"b-cta\" data-watch>\n\n\t<div class=\"b-cta-background\" data-background-noise><\/div>\n\t<div class=\"b-cta-foreground\">\n\t\t<div class=\"container\">\n\n\t\t\t\t\t\t\t<div class=\"b-cta-head\">\n\t\t\t\t\t<div class=\"b-cta-heading b-cta-heading--btt wysiwyg\">\n\t\t\t\t\t\t<div class=\"b-cta-heading-marquee\">\n\t\t\t\t\t\t\t<div class=\"b-cta-heading-marquee-text\" data-break-words=\"h1, h2, p\">\n\t\t\t\t\t\t\t\t<h2>BARBEGAZI chez vous<\/h2>\n\n\t\t\t\t\t\t\t<\/div>\n\t\t\t\t\t\t<\/div>\n\t\t\t\t\t<\/div>\n\t\t\t\t<\/div>\n\t\t\t\n\t\t\t<div class=\"b-cta-body\">\n\n\t\t\t\t\n\t\t\t\t\t\t\t\t\t<div class=\"b-cta-content wysiwyg\" data-break-lines=\"p:first-child\">\n\t\t\t\t\t\t<p>Vous voulez voir BARBEGAZI<br \/>\ndans votre ville?<\/p>\n<p class=\"small\">Cl\u00e9 en main ou co-production<\/p>\n<p><a class=\"button button--primary\" href=\"https:\/\/barbegazi.tribu.co\/fr\/contact\/\">Contactez-nous<\/a><\/p>\n\n\t\t\t\t\t<\/div>\n\t\t\t\t\n\t\t\t\t\n\t\t\t<\/div>\n\n\t\t\t\t\t\t\t<div class=\"b-cta-foot\">\n\t\t\t\t\t<div class=\"b-cta-heading b-cta-heading--ttb wysiwyg\">\n\t\t\t\t\t\t<div class=\"b-cta-heading-marquee\">\n\t\t\t\t\t\t\t<div class=\"b-cta-heading-marquee-text\" data-break-words=\"h1, h2, p\">\n\t\t\t\t\t\t\t\t<h2>BARBEGAZI chez vous<\/h2>\n\n\t\t\t\t\t\t\t<\/div>\n\t\t\t\t\t\t<\/div>\n\t\t\t\t\t<\/div>\n\t\t\t\t<\/div>\n\t\t\t\n\t\t<\/div>\n\t<\/div>\n\n<\/section>","protected":false},"excerpt":{"rendered":"","protected":false},"author":1,"featured_media":0,"parent":0,"menu_order":12,"comment_status":"closed","ping_status":"closed","template":"","meta":{"_acf_changed":false,"content-type":"","footnotes":""},"class_list":["post-1119","page","type-page","status-publish","hentry"],"acf":[],"yoast_head":"<!-- This site is optimized with the Yoast SEO plugin v26.7 - https:\/\/yoast.com\/wordpress\/plugins\/seo\/ -->\n<title>Dans votre ville - Barbegazi<\/title>\n<meta name=\"robots\" content=\"index, follow, max-snippet:-1, max-image-preview:large, max-video-preview:-1\" \/>\n<link rel=\"canonical\" href=\"https:\/\/barbegazi.tribu.co\/fr\/bring-it-home\/\" \/>\n<meta property=\"og:locale\" content=\"fr_CA\" \/>\n<meta property=\"og:type\" content=\"article\" \/>\n<meta property=\"og:title\" content=\"Dans votre ville - Barbegazi\" \/>\n<meta property=\"og:url\" content=\"https:\/\/barbegazi.tribu.co\/fr\/bring-it-home\/\" \/>\n<meta property=\"og:site_name\" content=\"Barbegazi\" \/>\n<meta property=\"article:publisher\" content=\"https:\/\/www.facebook.com\/barbegazifest\/\" \/>\n<meta property=\"article:modified_time\" content=\"2023-10-24T14:15:14+00:00\" \/>\n<meta property=\"og:image\" content=\"https:\/\/barbegazi.tribu.co\/wp-content\/uploads\/sites\/4\/2020\/01\/Sans-titre-11.png\" \/>\n\t<meta property=\"og:image:width\" content=\"1200\" \/>\n\t<meta property=\"og:image:height\" content=\"628\" \/>\n\t<meta property=\"og:image:type\" content=\"image\/png\" \/>\n<meta name=\"twitter:card\" content=\"summary_large_image\" \/>\n<script type=\"application\/ld+json\" class=\"yoast-schema-graph\">{\"@context\":\"https:\/\/schema.org\",\"@graph\":[{\"@type\":\"WebPage\",\"@id\":\"https:\/\/barbegazi.tribu.co\/fr\/bring-it-home\/\",\"url\":\"https:\/\/barbegazi.tribu.co\/fr\/bring-it-home\/\",\"name\":\"Dans votre ville - Barbegazi\",\"isPartOf\":{\"@id\":\"https:\/\/barbegazi.tribu.co\/#website\"},\"datePublished\":\"2019-05-27T20:02:39+00:00\",\"dateModified\":\"2023-10-24T14:15:14+00:00\",\"breadcrumb\":{\"@id\":\"https:\/\/barbegazi.tribu.co\/fr\/bring-it-home\/#breadcrumb\"},\"inLanguage\":\"fr-CA\",\"potentialAction\":[{\"@type\":\"ReadAction\",\"target\":[\"https:\/\/barbegazi.tribu.co\/fr\/bring-it-home\/\"]}]},{\"@type\":\"BreadcrumbList\",\"@id\":\"https:\/\/barbegazi.tribu.co\/fr\/bring-it-home\/#breadcrumb\",\"itemListElement\":[{\"@type\":\"ListItem\",\"position\":1,\"name\":\"Home\",\"item\":\"https:\/\/barbegazi.tribu.co\/fr\/\"},{\"@type\":\"ListItem\",\"position\":2,\"name\":\"Dans votre ville\"}]},{\"@type\":\"WebSite\",\"@id\":\"https:\/\/barbegazi.tribu.co\/#website\",\"url\":\"https:\/\/barbegazi.tribu.co\/\",\"name\":\"Barbegazi\",\"description\":\"Festival hivernal\",\"potentialAction\":[{\"@type\":\"SearchAction\",\"target\":{\"@type\":\"EntryPoint\",\"urlTemplate\":\"https:\/\/barbegazi.tribu.co\/?s={search_term_string}\"},\"query-input\":{\"@type\":\"PropertyValueSpecification\",\"valueRequired\":true,\"valueName\":\"search_term_string\"}}],\"inLanguage\":\"fr-CA\"}]}<\/script>\n<!-- \/ Yoast SEO plugin. -->","yoast_head_json":{"title":"Dans votre ville - Barbegazi","robots":{"index":"index","follow":"follow","max-snippet":"max-snippet:-1","max-image-preview":"max-image-preview:large","max-video-preview":"max-video-preview:-1"},"canonical":"https:\/\/barbegazi.tribu.co\/fr\/bring-it-home\/","og_locale":"fr_CA","og_type":"article","og_title":"Dans votre ville - Barbegazi","og_url":"https:\/\/barbegazi.tribu.co\/fr\/bring-it-home\/","og_site_name":"Barbegazi","article_publisher":"https:\/\/www.facebook.com\/barbegazifest\/","article_modified_time":"2023-10-24T14:15:14+00:00","og_image":[{"width":1200,"height":628,"url":"https:\/\/barbegazi.tribu.co\/wp-content\/uploads\/sites\/4\/2020\/01\/Sans-titre-11.png","type":"image\/png"}],"twitter_card":"summary_large_image","schema":{"@context":"https:\/\/schema.org","@graph":[{"@type":"WebPage","@id":"https:\/\/barbegazi.tribu.co\/fr\/bring-it-home\/","url":"https:\/\/barbegazi.tribu.co\/fr\/bring-it-home\/","name":"Dans votre ville - Barbegazi","isPartOf":{"@id":"https:\/\/barbegazi.tribu.co\/#website"},"datePublished":"2019-05-27T20:02:39+00:00","dateModified":"2023-10-24T14:15:14+00:00","breadcrumb":{"@id":"https:\/\/barbegazi.tribu.co\/fr\/bring-it-home\/#breadcrumb"},"inLanguage":"fr-CA","potentialAction":[{"@type":"ReadAction","target":["https:\/\/barbegazi.tribu.co\/fr\/bring-it-home\/"]}]},{"@type":"BreadcrumbList","@id":"https:\/\/barbegazi.tribu.co\/fr\/bring-it-home\/#breadcrumb","itemListElement":[{"@type":"ListItem","position":1,"name":"Home","item":"https:\/\/barbegazi.tribu.co\/fr\/"},{"@type":"ListItem","position":2,"name":"Dans votre ville"}]},{"@type":"WebSite","@id":"https:\/\/barbegazi.tribu.co\/#website","url":"https:\/\/barbegazi.tribu.co\/","name":"Barbegazi","description":"Festival hivernal","potentialAction":[{"@type":"SearchAction","target":{"@type":"EntryPoint","urlTemplate":"https:\/\/barbegazi.tribu.co\/?s={search_term_string}"},"query-input":{"@type":"PropertyValueSpecification","valueRequired":true,"valueName":"search_term_string"}}],"inLanguage":"fr-CA"}]}},"_links":{"self":[{"href":"https:\/\/barbegazi.tribu.co\/fr\/wp-json\/wp\/v2\/pages\/1119","targetHints":{"allow":["GET"]}}],"collection":[{"href":"https:\/\/barbegazi.tribu.co\/fr\/wp-json\/wp\/v2\/pages"}],"about":[{"href":"https:\/\/barbegazi.tribu.co\/fr\/wp-json\/wp\/v2\/types\/page"}],"author":[{"embeddable":true,"href":"https:\/\/barbegazi.tribu.co\/fr\/wp-json\/wp\/v2\/users\/1"}],"replies":[{"embeddable":true,"href":"https:\/\/barbegazi.tribu.co\/fr\/wp-json\/wp\/v2\/comments?post=1119"}],"version-history":[{"count":81,"href":"https:\/\/barbegazi.tribu.co\/fr\/wp-json\/wp\/v2\/pages\/1119\/revisions"}],"predecessor-version":[{"id":8224,"href":"https:\/\/barbegazi.tribu.co\/fr\/wp-json\/wp\/v2\/pages\/1119\/revisions\/8224"}],"wp:attachment":[{"href":"https:\/\/barbegazi.tribu.co\/fr\/wp-json\/wp\/v2\/media?parent=1119"}],"curies":[{"name":"wp","href":"https:\/\/api.w.org\/{rel}","templated":true}]}}