{"id":1132,"date":"2019-06-05T10:05:55","date_gmt":"2019-06-05T14:05:55","guid":{"rendered":"https:\/\/jackalope.tribu.co\/?page_id=1132"},"modified":"2020-03-02T13:47:12","modified_gmt":"2020-03-02T18:47:12","slug":"info","status":"publish","type":"page","link":"https:\/\/barbegazi.tribu.co\/fr\/montreal\/info\/","title":{"rendered":"Info"},"content":{"rendered":"<section block class=\"b-header-text-image\" data-watch>\n\t<div class=\"container-inset\">\n\n\t\t<div class=\"b-header-text-image-head\"><\/div>\n\t\t<div class=\"b-header-text-image-body\">\n\n\t\t\t<div class=\"b-header-text-image-side\">\n\t\t\t\t<div class=\"b-header-text-image-side-image\">\n\t\t\t\t\t<div class=\"image image--with-layer\"><div class=\"layer\" style=\"background-image: url(http:\/\/barbegazi.tribu.co\/wp-content\/uploads\/sites\/4\/2019\/10\/Photo-17-01-08-16-19-46-780x670-c-default.jpg)\"><\/div><\/div>\n\t\t\t\t<\/div>\n\t\t\t<\/div>\n\n\t\t\t<div class=\"b-header-text-image-main\">\n\n\t\t\t\t<div class=\"b-header-text-image-heading wysiwyg\" data-break-lines=\"h1, h2, p\">\n\t\t\t\t\t<h1>Info<\/h1>\n\n\t\t\t\t<\/div>\n\n\t\t\t\t<div class=\"b-header-text-image-content wysiwyg wysiwyg--lower wysiwyg--color\">\n\t\t\t\t\t<p>&nbsp;<\/p>\n<p><strong>O\u00f9 nous trouver?<\/strong><\/p>\n<p><strong>Comment appliquer?<\/strong><\/p>\n<p><strong>Comment partager l&#8217;amour hivernal?<\/strong><\/p>\n<p><strong>Scroll down pour le d\u00e9couvrir!<\/strong><\/p>\n\n\t\t\t\t<\/div>\n\n\t\t\t<\/div>\n\n\t\t<\/div>\n\n\t<\/div>\n<\/section>\n\n<section block class=\"b-text-image-list\" data-watch>\n\t<div class=\"container-inset\">\n\n\t\t\n\t\t<div class=\"b-text-image-list-items\">\n\n\t\t\t\n\t\t\t\t<div\n\t\t\t\t\tclass=\"b-text-image-list-item\"\n\t\t\t\t\tdata-watch\n\t\t\t\t\tdata-watch-enter=\"0.65\"\n\t\t\t\t\tdata-watch-class=\"item-on-screen\">\n\n\t\t\t\t\t<div class=\"b-text-image-list-item-side\">\n\n\t\t\t\t\t\t\t\t\t\t\t\t\t<div class=\"image image--with-layer\"><div class=\"layer\" style=\"background-image: url(http:\/\/barbegazi.tribu.co\/wp-content\/uploads\/sites\/4\/2019\/12\/78726398_833782920388506_3224476556084641792_n-1-1024x0-c-default.jpg)\"><\/div><\/div>\n\t\t\t\t\t\t\n\t\t\t\t\t\t\n\t\t\t\t\t\t\t<div\n\t\t\t\t\t\t\t\tclass=\"b-text-image-list-item-value\"\n\t\t\t\t\t\t\t\tdata-watch\n\t\t\t\t\t\t\t\tdata-watch-class=\"item-on-screen\"\n\t\t\t\t\t\t\t\tdata-watch-enter=\"0.65\">\n\n\t\t\t\t\t\t\t\t<div\n\t\t\t\t\t\t\t\t\tclass=\"b-text-image-list-item-value-text\"\n\t\t\t\t\t\t\t\t\tdata-scroll-animation=\"transform\"\n\t\t\t\t\t\t\t\t\tdata-scroll-animation-format=\"translateY(%vrem) translateZ(0)\"\n\t\t\t\t\t\t\t\t\tdata-scroll-animation-min=\"+5\"\n\t\t\t\t\t\t\t\t\tdata-scroll-animation-max=\"-5\">\n\t\t\t\t\t\t\t\t\t01\n\t\t\t\t\t\t\t\t<\/div>\n\n\t\t\t\t\t\t\t<\/div>\n\n\t\t\t\t\t\t\n\t\t\t\t\t<\/div>\n\n\t\t\t\t\t<div class=\"b-text-image-list-item-main\">\n\n\t\t\t\t\t\t\t\t\t\t\t\t\t<div class=\"b-text-image-list-item-heading wysiwyg\" data-break-lines=\"h1, h2, p\">\n\t\t\t\t\t\t\t\t<h2>Comment<br \/>\ns\u2019y rendre ?<\/h2>\n\n\t\t\t\t\t\t\t<\/div>\n\t\t\t\t\t\t\n\t\t\t\t\t\t\t\t\t\t\t\t\t<div class=\"b-text-image-list-item-content wysiwyg\">\n\t\t\t\t\t\t\t\t<p>Parc olympique,<br \/>\nEntr\u00e9e coin PIE IX \/ Sherbrooke<\/p>\n<p>Metro : PIE IX<\/p>\n<p>Stationnement: 2727 Pie-IX (P3)<\/p>\n\n\t\t\t\t\t\t\t<\/div>\n\t\t\t\t\t\t\n\t\t\t\t\t<\/div>\n\t\t\t\t<\/div>\n\n\t\t\t\n\t\t\t\t<div\n\t\t\t\t\tclass=\"b-text-image-list-item\"\n\t\t\t\t\tdata-watch\n\t\t\t\t\tdata-watch-enter=\"0.65\"\n\t\t\t\t\tdata-watch-class=\"item-on-screen\">\n\n\t\t\t\t\t<div class=\"b-text-image-list-item-side\">\n\n\t\t\t\t\t\t\t\t\t\t\t\t\t<div class=\"image image--with-layer\"><div class=\"layer\" style=\"background-image: url(http:\/\/barbegazi.tribu.co\/wp-content\/uploads\/sites\/4\/2019\/09\/2019023_Barbegazi_CBM_1DX_1995-1024x0-c-default.jpg)\"><\/div><\/div>\n\t\t\t\t\t\t\n\t\t\t\t\t\t\n\t\t\t\t\t\t\t<div\n\t\t\t\t\t\t\t\tclass=\"b-text-image-list-item-value\"\n\t\t\t\t\t\t\t\tdata-watch\n\t\t\t\t\t\t\t\tdata-watch-class=\"item-on-screen\"\n\t\t\t\t\t\t\t\tdata-watch-enter=\"0.65\">\n\n\t\t\t\t\t\t\t\t<div\n\t\t\t\t\t\t\t\t\tclass=\"b-text-image-list-item-value-text\"\n\t\t\t\t\t\t\t\t\tdata-scroll-animation=\"transform\"\n\t\t\t\t\t\t\t\t\tdata-scroll-animation-format=\"translateY(%vrem) translateZ(0)\"\n\t\t\t\t\t\t\t\t\tdata-scroll-animation-min=\"+5\"\n\t\t\t\t\t\t\t\t\tdata-scroll-animation-max=\"-5\">\n\t\t\t\t\t\t\t\t\t02\n\t\t\t\t\t\t\t\t<\/div>\n\n\t\t\t\t\t\t\t<\/div>\n\n\t\t\t\t\t\t\n\t\t\t\t\t<\/div>\n\n\t\t\t\t\t<div class=\"b-text-image-list-item-main\">\n\n\t\t\t\t\t\t\t\t\t\t\t\t\t<div class=\"b-text-image-list-item-heading wysiwyg\" data-break-lines=\"h1, h2, p\">\n\t\t\t\t\t\t\t\t<h2>Horaire<\/h2>\n\n\t\t\t\t\t\t\t<\/div>\n\t\t\t\t\t\t\n\t\t\t\t\t\t\t\t\t\t\t\t\t<div class=\"b-text-image-list-item-content wysiwyg\">\n\t\t\t\t\t\t\t\t<p>Samedi 7 mars 2020 : 10:00 \u00e0 16:00<br \/>\nDimanche 8 mars 2020 : 10:00 \u00e0 16:00<\/p>\n\n\t\t\t\t\t\t\t<\/div>\n\t\t\t\t\t\t\n\t\t\t\t\t<\/div>\n\t\t\t\t<\/div>\n\n\t\t\t\n\t\t\t\t<div\n\t\t\t\t\tclass=\"b-text-image-list-item\"\n\t\t\t\t\tdata-watch\n\t\t\t\t\tdata-watch-enter=\"0.65\"\n\t\t\t\t\tdata-watch-class=\"item-on-screen\">\n\n\t\t\t\t\t<div class=\"b-text-image-list-item-side\">\n\n\t\t\t\t\t\t\t\t\t\t\t\t\t<div class=\"image image--with-layer\"><div class=\"layer\" style=\"background-image: url(http:\/\/barbegazi.tribu.co\/wp-content\/uploads\/sites\/4\/2019\/10\/LUD8911_12dec_vincentsauriolnado-1024x0-c-default.jpg)\"><\/div><\/div>\n\t\t\t\t\t\t\n\t\t\t\t\t\t\n\t\t\t\t\t\t\t<div\n\t\t\t\t\t\t\t\tclass=\"b-text-image-list-item-value\"\n\t\t\t\t\t\t\t\tdata-watch\n\t\t\t\t\t\t\t\tdata-watch-class=\"item-on-screen\"\n\t\t\t\t\t\t\t\tdata-watch-enter=\"0.65\">\n\n\t\t\t\t\t\t\t\t<div\n\t\t\t\t\t\t\t\t\tclass=\"b-text-image-list-item-value-text\"\n\t\t\t\t\t\t\t\t\tdata-scroll-animation=\"transform\"\n\t\t\t\t\t\t\t\t\tdata-scroll-animation-format=\"translateY(%vrem) translateZ(0)\"\n\t\t\t\t\t\t\t\t\tdata-scroll-animation-min=\"+5\"\n\t\t\t\t\t\t\t\t\tdata-scroll-animation-max=\"-5\">\n\t\t\t\t\t\t\t\t\t03\n\t\t\t\t\t\t\t\t<\/div>\n\n\t\t\t\t\t\t\t<\/div>\n\n\t\t\t\t\t\t\n\t\t\t\t\t<\/div>\n\n\t\t\t\t\t<div class=\"b-text-image-list-item-main\">\n\n\t\t\t\t\t\t\t\t\t\t\t\t\t<div class=\"b-text-image-list-item-heading wysiwyg\" data-break-lines=\"h1, h2, p\">\n\t\t\t\t\t\t\t\t<h2>Food<br \/>\nTrucks<\/h2>\n\n\t\t\t\t\t\t\t<\/div>\n\t\t\t\t\t\t\n\t\t\t\t\t\t\t\t\t\t\t\t\t<div class=\"b-text-image-list-item-content wysiwyg\">\n\t\t\t\t\t\t\t\t<p>Pour l\u2019\u00e9dition 2020, on vous pr\u00e9pare de quoi vous bourrer la face :<\/p>\n<p>Burgers, Hot dogs, Poutines, caf\u00e9s, chocolats chauds, bi\u00e8res et bien d&#8217;autres choses !<\/p>\n<p><em>Options v\u00e9g\u00e9tariennes disponibles<\/em>.<\/p>\n\n\t\t\t\t\t\t\t<\/div>\n\t\t\t\t\t\t\n\t\t\t\t\t<\/div>\n\t\t\t\t<\/div>\n\n\t\t\t\n\t\t\t\t<div\n\t\t\t\t\tclass=\"b-text-image-list-item\"\n\t\t\t\t\tdata-watch\n\t\t\t\t\tdata-watch-enter=\"0.65\"\n\t\t\t\t\tdata-watch-class=\"item-on-screen\">\n\n\t\t\t\t\t<div class=\"b-text-image-list-item-side\">\n\n\t\t\t\t\t\t\t\t\t\t\t\t\t<div class=\"image image--with-layer\"><div class=\"layer\" style=\"background-image: url(http:\/\/barbegazi.tribu.co\/wp-content\/uploads\/sites\/4\/2019\/10\/2017_TribuExperientiel_Barbegazi_J1_BG_1978-1024x0-c-default.jpg)\"><\/div><\/div>\n\t\t\t\t\t\t\n\t\t\t\t\t\t\n\t\t\t\t\t\t\t<div\n\t\t\t\t\t\t\t\tclass=\"b-text-image-list-item-value\"\n\t\t\t\t\t\t\t\tdata-watch\n\t\t\t\t\t\t\t\tdata-watch-class=\"item-on-screen\"\n\t\t\t\t\t\t\t\tdata-watch-enter=\"0.65\">\n\n\t\t\t\t\t\t\t\t<div\n\t\t\t\t\t\t\t\t\tclass=\"b-text-image-list-item-value-text\"\n\t\t\t\t\t\t\t\t\tdata-scroll-animation=\"transform\"\n\t\t\t\t\t\t\t\t\tdata-scroll-animation-format=\"translateY(%vrem) translateZ(0)\"\n\t\t\t\t\t\t\t\t\tdata-scroll-animation-min=\"+5\"\n\t\t\t\t\t\t\t\t\tdata-scroll-animation-max=\"-5\">\n\t\t\t\t\t\t\t\t\t04\n\t\t\t\t\t\t\t\t<\/div>\n\n\t\t\t\t\t\t\t<\/div>\n\n\t\t\t\t\t\t\n\t\t\t\t\t<\/div>\n\n\t\t\t\t\t<div class=\"b-text-image-list-item-main\">\n\n\t\t\t\t\t\t\t\t\t\t\t\t\t<div class=\"b-text-image-list-item-heading wysiwyg\" data-break-lines=\"h1, h2, p\">\n\t\t\t\t\t\t\t\t<h2>Deviens<br \/>\nb\u00e9n\u00e9vole<\/h2>\n\n\t\t\t\t\t\t\t<\/div>\n\t\t\t\t\t\t\n\t\t\t\t\t\t\t\t\t\t\t\t\t<div class=\"b-text-image-list-item-content wysiwyg\">\n\t\t\t\t\t\t\t\t<p>Chaque ann\u00e9e, de nombreux b\u00e9n\u00e9voles soutiennent l\u2019\u00e9quipe de BARBEGAZI pour nos aider \u00e0 cr\u00e9er une exp\u00e9rience unique et sensationnelle. D\u00e9couvre comment et pourquoi rejoindre la famille BARBEGAZI.<\/p>\n<p><a class=\"button button--more\" href=\"http:\/\/barbegazi.tribu.co\/fr\/montreal\/info\/volunteers\/\">Par ici<\/a><\/p>\n\n\t\t\t\t\t\t\t<\/div>\n\t\t\t\t\t\t\n\t\t\t\t\t<\/div>\n\t\t\t\t<\/div>\n\n\t\t\t\n\t\t\t\t<div\n\t\t\t\t\tclass=\"b-text-image-list-item\"\n\t\t\t\t\tdata-watch\n\t\t\t\t\tdata-watch-enter=\"0.65\"\n\t\t\t\t\tdata-watch-class=\"item-on-screen\">\n\n\t\t\t\t\t<div class=\"b-text-image-list-item-side\">\n\n\t\t\t\t\t\t\t\t\t\t\t\t\t<div class=\"image image--with-layer\"><div class=\"layer\" style=\"background-image: url(http:\/\/barbegazi.tribu.co\/wp-content\/uploads\/sites\/4\/2019\/10\/LUD9118_13dec_vincentsauriolnado-1024x0-c-default.jpg)\"><\/div><\/div>\n\t\t\t\t\t\t\n\t\t\t\t\t\t\n\t\t\t\t\t\t\t<div\n\t\t\t\t\t\t\t\tclass=\"b-text-image-list-item-value\"\n\t\t\t\t\t\t\t\tdata-watch\n\t\t\t\t\t\t\t\tdata-watch-class=\"item-on-screen\"\n\t\t\t\t\t\t\t\tdata-watch-enter=\"0.65\">\n\n\t\t\t\t\t\t\t\t<div\n\t\t\t\t\t\t\t\t\tclass=\"b-text-image-list-item-value-text\"\n\t\t\t\t\t\t\t\t\tdata-scroll-animation=\"transform\"\n\t\t\t\t\t\t\t\t\tdata-scroll-animation-format=\"translateY(%vrem) translateZ(0)\"\n\t\t\t\t\t\t\t\t\tdata-scroll-animation-min=\"+5\"\n\t\t\t\t\t\t\t\t\tdata-scroll-animation-max=\"-5\">\n\t\t\t\t\t\t\t\t\t05\n\t\t\t\t\t\t\t\t<\/div>\n\n\t\t\t\t\t\t\t<\/div>\n\n\t\t\t\t\t\t\n\t\t\t\t\t<\/div>\n\n\t\t\t\t\t<div class=\"b-text-image-list-item-main\">\n\n\t\t\t\t\t\t\t\t\t\t\t\t\t<div class=\"b-text-image-list-item-heading wysiwyg\" data-break-lines=\"h1, h2, p\">\n\t\t\t\t\t\t\t\t<h2>Presse<\/h2>\n\n\t\t\t\t\t\t\t<\/div>\n\t\t\t\t\t\t\n\t\t\t\t\t\t\t\t\t\t\t\t\t<div class=\"b-text-image-list-item-content wysiwyg\">\n\t\t\t\t\t\t\t\t<p>Vous souhaitez faire partie de l&#8217;exp\u00e9rience? Contactez nous pour des renseignements, accr\u00e9ditations presse ou entrevues.<\/p>\n<p><a class=\"button button--more\" href=\"http:\/\/barbegazi.tribu.co\/fr\/montreal\/info\/press\/\">Plus d&#8217;infos<\/a><\/p>\n\n\t\t\t\t\t\t\t<\/div>\n\t\t\t\t\t\t\n\t\t\t\t\t<\/div>\n\t\t\t\t<\/div>\n\n\t\t\t\n\t\t\t\t<div\n\t\t\t\t\tclass=\"b-text-image-list-item\"\n\t\t\t\t\tdata-watch\n\t\t\t\t\tdata-watch-enter=\"0.65\"\n\t\t\t\t\tdata-watch-class=\"item-on-screen\">\n\n\t\t\t\t\t<div class=\"b-text-image-list-item-side\">\n\n\t\t\t\t\t\t\t\t\t\t\t\t\t<div class=\"image image--with-layer\"><div class=\"layer\" style=\"background-image: url(http:\/\/barbegazi.tribu.co\/wp-content\/uploads\/sites\/4\/2019\/11\/mondtn-omni-mont-royal-park-1024x0-c-default.jpg)\"><\/div><\/div>\n\t\t\t\t\t\t\n\t\t\t\t\t\t\n\t\t\t\t\t\t\t<div\n\t\t\t\t\t\t\t\tclass=\"b-text-image-list-item-value\"\n\t\t\t\t\t\t\t\tdata-watch\n\t\t\t\t\t\t\t\tdata-watch-class=\"item-on-screen\"\n\t\t\t\t\t\t\t\tdata-watch-enter=\"0.65\">\n\n\t\t\t\t\t\t\t\t<div\n\t\t\t\t\t\t\t\t\tclass=\"b-text-image-list-item-value-text\"\n\t\t\t\t\t\t\t\t\tdata-scroll-animation=\"transform\"\n\t\t\t\t\t\t\t\t\tdata-scroll-animation-format=\"translateY(%vrem) translateZ(0)\"\n\t\t\t\t\t\t\t\t\tdata-scroll-animation-min=\"+5\"\n\t\t\t\t\t\t\t\t\tdata-scroll-animation-max=\"-5\">\n\t\t\t\t\t\t\t\t\t06\n\t\t\t\t\t\t\t\t<\/div>\n\n\t\t\t\t\t\t\t<\/div>\n\n\t\t\t\t\t\t\n\t\t\t\t\t<\/div>\n\n\t\t\t\t\t<div class=\"b-text-image-list-item-main\">\n\n\t\t\t\t\t\t\t\t\t\t\t\t\t<div class=\"b-text-image-list-item-heading wysiwyg\" data-break-lines=\"h1, h2, p\">\n\t\t\t\t\t\t\t\t<h2>H\u00e9bergement<\/h2>\n\n\t\t\t\t\t\t\t<\/div>\n\t\t\t\t\t\t\n\t\t\t\t\t\t\t\t\t\t\t\t\t<div class=\"b-text-image-list-item-content wysiwyg\">\n\t\t\t\t\t\t\t\t<p>On vous facilite la vie: voyez les possibilit\u00e9s d&#8217;h\u00e9bergement \u00e0 proximit\u00e9, choisissez et bookez en ligne d\u00e8s maintenant.<\/p>\n<p><a href=\"http:\/\/barbegazi.tribu.co\/fr\/montreal\/info\/lodging\/\">Par ici<\/a><\/p>\n\n\t\t\t\t\t\t\t<\/div>\n\t\t\t\t\t\t\n\t\t\t\t\t<\/div>\n\t\t\t\t<\/div>\n\n\t\t\t\n\t\t<\/div>\n\n\t<\/div>\n<\/section>\n\n<section block class=\"b-cta\" data-watch>\n\n\t<div class=\"b-cta-background\" data-background-noise><\/div>\n\t<div class=\"b-cta-foreground\">\n\t\t<div class=\"container\">\n\n\t\t\t\t\t\t\t<div class=\"b-cta-head\">\n\t\t\t\t\t<div class=\"b-cta-heading b-cta-heading--btt wysiwyg\">\n\t\t\t\t\t\t<div class=\"b-cta-heading-marquee\">\n\t\t\t\t\t\t\t<div class=\"b-cta-heading-marquee-text\" data-break-words=\"h1, h2, p\">\n\t\t\t\t\t\t\t\t<h2>BARBEGAZI Montr\u00e9al<\/h2>\n\n\t\t\t\t\t\t\t<\/div>\n\t\t\t\t\t\t<\/div>\n\t\t\t\t\t<\/div>\n\t\t\t\t<\/div>\n\t\t\t\n\t\t\t<div class=\"b-cta-body\">\n\n\t\t\t\t\n\t\t\t\t\t\t\t\t\t<div class=\"b-cta-content wysiwyg\" data-break-lines=\"p:first-child\">\n\t\t\t\t\t\t<p>D&#8217;autre questions<br \/>\n\u00e0 propos de BARBEGAZI?<\/p>\n<p><a class=\"button button--primary\" href=\"https:\/\/jackalope.tribu.co\/contact\/\">Contactez nous<\/a><\/p>\n\n\t\t\t\t\t<\/div>\n\t\t\t\t\n\t\t\t\t\n\t\t\t<\/div>\n\n\t\t\t\t\t\t\t<div class=\"b-cta-foot\">\n\t\t\t\t\t<div class=\"b-cta-heading b-cta-heading--ttb wysiwyg\">\n\t\t\t\t\t\t<div class=\"b-cta-heading-marquee\">\n\t\t\t\t\t\t\t<div class=\"b-cta-heading-marquee-text\" data-break-words=\"h1, h2, p\">\n\t\t\t\t\t\t\t\t<h2>BARBEGAZI Montr\u00e9al<\/h2>\n\n\t\t\t\t\t\t\t<\/div>\n\t\t\t\t\t\t<\/div>\n\t\t\t\t\t<\/div>\n\t\t\t\t<\/div>\n\t\t\t\n\t\t<\/div>\n\t<\/div>\n\n<\/section>","protected":false},"excerpt":{"rendered":"","protected":false},"author":1,"featured_media":0,"parent":1127,"menu_order":2,"comment_status":"closed","ping_status":"closed","template":"","meta":{"_acf_changed":false,"content-type":"","footnotes":""},"class_list":["post-1132","page","type-page","status-publish","hentry"],"acf":[],"yoast_head":"<!-- This site is optimized with the Yoast SEO plugin v26.7 - https:\/\/yoast.com\/wordpress\/plugins\/seo\/ -->\n<title>Info - Barbegazi<\/title>\n<meta name=\"robots\" content=\"index, follow, max-snippet:-1, max-image-preview:large, max-video-preview:-1\" \/>\n<link rel=\"canonical\" href=\"https:\/\/barbegazi.tribu.co\/fr\/montreal\/info\/\" \/>\n<meta property=\"og:locale\" content=\"fr_CA\" \/>\n<meta property=\"og:type\" content=\"article\" \/>\n<meta property=\"og:title\" content=\"Info - Barbegazi\" \/>\n<meta property=\"og:url\" content=\"https:\/\/barbegazi.tribu.co\/fr\/montreal\/info\/\" \/>\n<meta property=\"og:site_name\" content=\"Barbegazi\" \/>\n<meta property=\"article:publisher\" content=\"https:\/\/www.facebook.com\/barbegazifest\/\" \/>\n<meta property=\"article:modified_time\" content=\"2020-03-02T18:47:12+00:00\" \/>\n<meta property=\"og:image\" content=\"https:\/\/barbegazi.tribu.co\/wp-content\/uploads\/sites\/4\/2020\/01\/Sans-titre-11.png\" \/>\n\t<meta property=\"og:image:width\" content=\"1200\" \/>\n\t<meta property=\"og:image:height\" content=\"628\" \/>\n\t<meta property=\"og:image:type\" content=\"image\/png\" \/>\n<meta name=\"twitter:card\" content=\"summary_large_image\" \/>\n<script type=\"application\/ld+json\" class=\"yoast-schema-graph\">{\"@context\":\"https:\/\/schema.org\",\"@graph\":[{\"@type\":\"WebPage\",\"@id\":\"https:\/\/barbegazi.tribu.co\/fr\/montreal\/info\/\",\"url\":\"https:\/\/barbegazi.tribu.co\/fr\/montreal\/info\/\",\"name\":\"Info - Barbegazi\",\"isPartOf\":{\"@id\":\"https:\/\/barbegazi.tribu.co\/#website\"},\"datePublished\":\"2019-06-05T14:05:55+00:00\",\"dateModified\":\"2020-03-02T18:47:12+00:00\",\"breadcrumb\":{\"@id\":\"https:\/\/barbegazi.tribu.co\/fr\/montreal\/info\/#breadcrumb\"},\"inLanguage\":\"fr-CA\",\"potentialAction\":[{\"@type\":\"ReadAction\",\"target\":[\"https:\/\/barbegazi.tribu.co\/fr\/montreal\/info\/\"]}]},{\"@type\":\"BreadcrumbList\",\"@id\":\"https:\/\/barbegazi.tribu.co\/fr\/montreal\/info\/#breadcrumb\",\"itemListElement\":[{\"@type\":\"ListItem\",\"position\":1,\"name\":\"Home\",\"item\":\"https:\/\/barbegazi.tribu.co\/fr\/\"},{\"@type\":\"ListItem\",\"position\":2,\"name\":\"Montr\u00e9al\",\"item\":\"https:\/\/barbegazi.tribu.co\/fr\/montreal\/\"},{\"@type\":\"ListItem\",\"position\":3,\"name\":\"Info\"}]},{\"@type\":\"WebSite\",\"@id\":\"https:\/\/barbegazi.tribu.co\/#website\",\"url\":\"https:\/\/barbegazi.tribu.co\/\",\"name\":\"Barbegazi\",\"description\":\"Festival hivernal\",\"potentialAction\":[{\"@type\":\"SearchAction\",\"target\":{\"@type\":\"EntryPoint\",\"urlTemplate\":\"https:\/\/barbegazi.tribu.co\/?s={search_term_string}\"},\"query-input\":{\"@type\":\"PropertyValueSpecification\",\"valueRequired\":true,\"valueName\":\"search_term_string\"}}],\"inLanguage\":\"fr-CA\"}]}<\/script>\n<!-- \/ Yoast SEO plugin. -->","yoast_head_json":{"title":"Info - Barbegazi","robots":{"index":"index","follow":"follow","max-snippet":"max-snippet:-1","max-image-preview":"max-image-preview:large","max-video-preview":"max-video-preview:-1"},"canonical":"https:\/\/barbegazi.tribu.co\/fr\/montreal\/info\/","og_locale":"fr_CA","og_type":"article","og_title":"Info - Barbegazi","og_url":"https:\/\/barbegazi.tribu.co\/fr\/montreal\/info\/","og_site_name":"Barbegazi","article_publisher":"https:\/\/www.facebook.com\/barbegazifest\/","article_modified_time":"2020-03-02T18:47:12+00:00","og_image":[{"width":1200,"height":628,"url":"https:\/\/barbegazi.tribu.co\/wp-content\/uploads\/sites\/4\/2020\/01\/Sans-titre-11.png","type":"image\/png"}],"twitter_card":"summary_large_image","schema":{"@context":"https:\/\/schema.org","@graph":[{"@type":"WebPage","@id":"https:\/\/barbegazi.tribu.co\/fr\/montreal\/info\/","url":"https:\/\/barbegazi.tribu.co\/fr\/montreal\/info\/","name":"Info - Barbegazi","isPartOf":{"@id":"https:\/\/barbegazi.tribu.co\/#website"},"datePublished":"2019-06-05T14:05:55+00:00","dateModified":"2020-03-02T18:47:12+00:00","breadcrumb":{"@id":"https:\/\/barbegazi.tribu.co\/fr\/montreal\/info\/#breadcrumb"},"inLanguage":"fr-CA","potentialAction":[{"@type":"ReadAction","target":["https:\/\/barbegazi.tribu.co\/fr\/montreal\/info\/"]}]},{"@type":"BreadcrumbList","@id":"https:\/\/barbegazi.tribu.co\/fr\/montreal\/info\/#breadcrumb","itemListElement":[{"@type":"ListItem","position":1,"name":"Home","item":"https:\/\/barbegazi.tribu.co\/fr\/"},{"@type":"ListItem","position":2,"name":"Montr\u00e9al","item":"https:\/\/barbegazi.tribu.co\/fr\/montreal\/"},{"@type":"ListItem","position":3,"name":"Info"}]},{"@type":"WebSite","@id":"https:\/\/barbegazi.tribu.co\/#website","url":"https:\/\/barbegazi.tribu.co\/","name":"Barbegazi","description":"Festival hivernal","potentialAction":[{"@type":"SearchAction","target":{"@type":"EntryPoint","urlTemplate":"https:\/\/barbegazi.tribu.co\/?s={search_term_string}"},"query-input":{"@type":"PropertyValueSpecification","valueRequired":true,"valueName":"search_term_string"}}],"inLanguage":"fr-CA"}]}},"_links":{"self":[{"href":"https:\/\/barbegazi.tribu.co\/fr\/wp-json\/wp\/v2\/pages\/1132","targetHints":{"allow":["GET"]}}],"collection":[{"href":"https:\/\/barbegazi.tribu.co\/fr\/wp-json\/wp\/v2\/pages"}],"about":[{"href":"https:\/\/barbegazi.tribu.co\/fr\/wp-json\/wp\/v2\/types\/page"}],"author":[{"embeddable":true,"href":"https:\/\/barbegazi.tribu.co\/fr\/wp-json\/wp\/v2\/users\/1"}],"replies":[{"embeddable":true,"href":"https:\/\/barbegazi.tribu.co\/fr\/wp-json\/wp\/v2\/comments?post=1132"}],"version-history":[{"count":83,"href":"https:\/\/barbegazi.tribu.co\/fr\/wp-json\/wp\/v2\/pages\/1132\/revisions"}],"predecessor-version":[{"id":7979,"href":"https:\/\/barbegazi.tribu.co\/fr\/wp-json\/wp\/v2\/pages\/1132\/revisions\/7979"}],"up":[{"embeddable":true,"href":"https:\/\/barbegazi.tribu.co\/fr\/wp-json\/wp\/v2\/pages\/1127"}],"wp:attachment":[{"href":"https:\/\/barbegazi.tribu.co\/fr\/wp-json\/wp\/v2\/media?parent=1132"}],"curies":[{"name":"wp","href":"https:\/\/api.w.org\/{rel}","templated":true}]}}