{"id":1134,"date":"2019-06-05T10:06:28","date_gmt":"2019-06-05T14:06:28","guid":{"rendered":"https:\/\/jackalope.tribu.co\/?page_id=1134"},"modified":"2019-12-11T17:19:21","modified_gmt":"2019-12-11T22:19:21","slug":"lodging","status":"publish","type":"page","link":"https:\/\/barbegazi.tribu.co\/fr\/montreal\/info\/lodging\/","title":{"rendered":"H\u00e9bergement"},"content":{"rendered":"<section block class=\"b-header-text \" data-watch>\n\t<div class=\"container\">\n\t\t<div class=\"b-header-text-content wysiwyg\" data-break-lines=\"h1, h2, p\">\n\t\t\t<h1>H\u00e9bergement<\/h1>\n<p>On vous rend la vie plus facile pour profiter de l&#8217;exp\u00e9rience!<br \/>\nPlanifiez votre s\u00e9jour \u00e0 BARBEGAZI en explorant les possibilit\u00e9s d\u2019h\u00e9bergement \u00e0 proximit\u00e9.<\/p>\n<p>&nbsp;<\/p>\n\n\t\t<\/div>\n\t<\/div>\n<\/section>\n\n<section block class=\"b-map-lodging\">\n\t<div class=\"container\">\n\n\t\t<div class=\"b-map-lodging-map\">\n\t\t\t<iframe loading=\"lazy\" src=\"https:\/\/www.stay22.com\/events\/barbegazi-mtl-2020\" width=\"100%\" height=\"428\" frameborder=\"0\"><\/iframe>\n\t\t<\/div>\n\n\t\t\t\t\t<div class=\"b-map-lodging-link\">\n\t\t\t\t<a class=\"button button--more\" href=\"https:\/\/www.stay22.com\/events\/barbegazi-mtl-2020\" target=\"_blank\">\n\t\t\t\t\tAffichage plein \u00e9cran\n\t\t\t\t<\/a>\n\t\t\t<\/div>\n\t\t\n\t<\/div>\n<\/section>\n\n<section block class=\"b-cta\" data-watch>\n\n\t<div class=\"b-cta-background\" data-background-noise><\/div>\n\t<div class=\"b-cta-foreground\">\n\t\t<div class=\"container\">\n\n\t\t\t\t\t\t\t<div class=\"b-cta-head\">\n\t\t\t\t\t<div class=\"b-cta-heading b-cta-heading--btt wysiwyg\">\n\t\t\t\t\t\t<div class=\"b-cta-heading-marquee\">\n\t\t\t\t\t\t\t<div class=\"b-cta-heading-marquee-text\" data-break-words=\"h1, h2, p\">\n\t\t\t\t\t\t\t\t<h2>Partage l&#8217;exp\u00e9rience<\/h2>\n\n\t\t\t\t\t\t\t<\/div>\n\t\t\t\t\t\t<\/div>\n\t\t\t\t\t<\/div>\n\t\t\t\t<\/div>\n\t\t\t\n\t\t\t<div class=\"b-cta-body\">\n\n\t\t\t\t\n\t\t\t\t\t\t\t\t\t<div class=\"b-cta-content wysiwyg\" data-break-lines=\"p:first-child\">\n\t\t\t\t\t\t<p>Les bons moments<br \/>\nsont meilleurs entre amis<\/p>\n<p class=\"small\">Invite les \u00e0 BARBEGAZI!<\/p>\n\n\t\t\t\t\t<\/div>\n\t\t\t\t\n\t\t\t\t\t\t\t\t\t<div class=\"b-cta-share\">\n\t\t\t\t\t\t<a class=\"b-cta-share-button\" target=\"_blank\" href=\"https:\/\/www.facebook.com\/sharer\/sharer.php?u=https%3A%2F%2Fbarbegazi.tribu.co%2Ffr%2Fmontreal%2Finfo%2Flodging%2F\" data-type=\"facebook\">\n\t\t\t\t\t\t\t<svg xmlns=\"http:\/\/www.w3.org\/2000\/svg\" viewBox=\"0 0 24 24\">\n\t\t\t\t\t\t\t\t<path fill=\"#000\" d=\"M9 8H6v4h3v12h5V12h3.6l.4-4h-4V6.3c0-1 .2-1.3 1.1-1.3H18V0h-3.8C10.6 0 9 1.6 9 4.6V8z\"\/>\n\t\t\t\t\t\t\t<\/svg>\n\t\t\t\t\t\t<\/a>\n\t\t\t\t\t\t<a class=\"b-cta-share-button\" href=\"mailto:?subject=Barbegazi H%C3%A9bergement\">\n\t\t\t\t\t\t\t<svg xmlns=\"http:\/\/www.w3.org\/2000\/svg\" viewBox=\"0 0 24 24\">\n\t\t\t\t\t\t\t\t<path fill=\"#000\" d=\"M12 12.7L0 3h24l-12 9.7zm-5.4-1.8L0 5.6v12.5l6.6-7.2zm10.8 0l6.6 7.2V5.6l-6.6 5.3zm-1.5 1.3L12 15.3l-3.9-3.1L0 21h24l-8.1-8.8z\"\/>\n\t\t\t\t\t\t\t<\/svg>\n\t\t\t\t\t\t<\/a>\n\t\t\t\t\t<\/div>\n\t\t\t\t\n\t\t\t<\/div>\n\n\t\t\t\t\t\t\t<div class=\"b-cta-foot\">\n\t\t\t\t\t<div class=\"b-cta-heading b-cta-heading--ttb wysiwyg\">\n\t\t\t\t\t\t<div class=\"b-cta-heading-marquee\">\n\t\t\t\t\t\t\t<div class=\"b-cta-heading-marquee-text\" data-break-words=\"h1, h2, p\">\n\t\t\t\t\t\t\t\t<h2>Partage l&#8217;exp\u00e9rience<\/h2>\n\n\t\t\t\t\t\t\t<\/div>\n\t\t\t\t\t\t<\/div>\n\t\t\t\t\t<\/div>\n\t\t\t\t<\/div>\n\t\t\t\n\t\t<\/div>\n\t<\/div>\n\n<\/section>","protected":false},"excerpt":{"rendered":"","protected":false},"author":1,"featured_media":0,"parent":1132,"menu_order":2,"comment_status":"closed","ping_status":"closed","template":"","meta":{"_acf_changed":false,"content-type":"","footnotes":""},"class_list":["post-1134","page","type-page","status-publish","hentry"],"acf":[],"yoast_head":"<!-- This site is optimized with the Yoast SEO plugin v26.7 - https:\/\/yoast.com\/wordpress\/plugins\/seo\/ -->\n<title>H\u00e9bergement - Barbegazi<\/title>\n<meta name=\"robots\" content=\"index, follow, max-snippet:-1, max-image-preview:large, max-video-preview:-1\" \/>\n<link rel=\"canonical\" href=\"https:\/\/barbegazi.tribu.co\/fr\/montreal\/info\/lodging\/\" \/>\n<meta property=\"og:locale\" content=\"fr_CA\" \/>\n<meta property=\"og:type\" content=\"article\" \/>\n<meta property=\"og:title\" content=\"H\u00e9bergement - Barbegazi\" \/>\n<meta property=\"og:url\" content=\"https:\/\/barbegazi.tribu.co\/fr\/montreal\/info\/lodging\/\" \/>\n<meta property=\"og:site_name\" content=\"Barbegazi\" \/>\n<meta property=\"article:publisher\" content=\"https:\/\/www.facebook.com\/barbegazifest\/\" \/>\n<meta property=\"article:modified_time\" content=\"2019-12-11T22:19:21+00:00\" \/>\n<meta property=\"og:image\" content=\"https:\/\/barbegazi.tribu.co\/wp-content\/uploads\/sites\/4\/2020\/01\/Sans-titre-11.png\" \/>\n\t<meta property=\"og:image:width\" content=\"1200\" \/>\n\t<meta property=\"og:image:height\" content=\"628\" \/>\n\t<meta property=\"og:image:type\" content=\"image\/png\" \/>\n<meta name=\"twitter:card\" content=\"summary_large_image\" \/>\n<script type=\"application\/ld+json\" class=\"yoast-schema-graph\">{\"@context\":\"https:\/\/schema.org\",\"@graph\":[{\"@type\":\"WebPage\",\"@id\":\"https:\/\/barbegazi.tribu.co\/fr\/montreal\/info\/lodging\/\",\"url\":\"https:\/\/barbegazi.tribu.co\/fr\/montreal\/info\/lodging\/\",\"name\":\"H\u00e9bergement - Barbegazi\",\"isPartOf\":{\"@id\":\"https:\/\/barbegazi.tribu.co\/#website\"},\"datePublished\":\"2019-06-05T14:06:28+00:00\",\"dateModified\":\"2019-12-11T22:19:21+00:00\",\"breadcrumb\":{\"@id\":\"https:\/\/barbegazi.tribu.co\/fr\/montreal\/info\/lodging\/#breadcrumb\"},\"inLanguage\":\"fr-CA\",\"potentialAction\":[{\"@type\":\"ReadAction\",\"target\":[\"https:\/\/barbegazi.tribu.co\/fr\/montreal\/info\/lodging\/\"]}]},{\"@type\":\"BreadcrumbList\",\"@id\":\"https:\/\/barbegazi.tribu.co\/fr\/montreal\/info\/lodging\/#breadcrumb\",\"itemListElement\":[{\"@type\":\"ListItem\",\"position\":1,\"name\":\"Home\",\"item\":\"https:\/\/barbegazi.tribu.co\/fr\/\"},{\"@type\":\"ListItem\",\"position\":2,\"name\":\"Montr\u00e9al\",\"item\":\"https:\/\/barbegazi.tribu.co\/fr\/montreal\/\"},{\"@type\":\"ListItem\",\"position\":3,\"name\":\"Info\",\"item\":\"https:\/\/barbegazi.tribu.co\/fr\/montreal\/info\/\"},{\"@type\":\"ListItem\",\"position\":4,\"name\":\"H\u00e9bergement\"}]},{\"@type\":\"WebSite\",\"@id\":\"https:\/\/barbegazi.tribu.co\/#website\",\"url\":\"https:\/\/barbegazi.tribu.co\/\",\"name\":\"Barbegazi\",\"description\":\"Festival hivernal\",\"potentialAction\":[{\"@type\":\"SearchAction\",\"target\":{\"@type\":\"EntryPoint\",\"urlTemplate\":\"https:\/\/barbegazi.tribu.co\/?s={search_term_string}\"},\"query-input\":{\"@type\":\"PropertyValueSpecification\",\"valueRequired\":true,\"valueName\":\"search_term_string\"}}],\"inLanguage\":\"fr-CA\"}]}<\/script>\n<!-- \/ Yoast SEO plugin. -->","yoast_head_json":{"title":"H\u00e9bergement - Barbegazi","robots":{"index":"index","follow":"follow","max-snippet":"max-snippet:-1","max-image-preview":"max-image-preview:large","max-video-preview":"max-video-preview:-1"},"canonical":"https:\/\/barbegazi.tribu.co\/fr\/montreal\/info\/lodging\/","og_locale":"fr_CA","og_type":"article","og_title":"H\u00e9bergement - Barbegazi","og_url":"https:\/\/barbegazi.tribu.co\/fr\/montreal\/info\/lodging\/","og_site_name":"Barbegazi","article_publisher":"https:\/\/www.facebook.com\/barbegazifest\/","article_modified_time":"2019-12-11T22:19:21+00:00","og_image":[{"width":1200,"height":628,"url":"https:\/\/barbegazi.tribu.co\/wp-content\/uploads\/sites\/4\/2020\/01\/Sans-titre-11.png","type":"image\/png"}],"twitter_card":"summary_large_image","schema":{"@context":"https:\/\/schema.org","@graph":[{"@type":"WebPage","@id":"https:\/\/barbegazi.tribu.co\/fr\/montreal\/info\/lodging\/","url":"https:\/\/barbegazi.tribu.co\/fr\/montreal\/info\/lodging\/","name":"H\u00e9bergement - Barbegazi","isPartOf":{"@id":"https:\/\/barbegazi.tribu.co\/#website"},"datePublished":"2019-06-05T14:06:28+00:00","dateModified":"2019-12-11T22:19:21+00:00","breadcrumb":{"@id":"https:\/\/barbegazi.tribu.co\/fr\/montreal\/info\/lodging\/#breadcrumb"},"inLanguage":"fr-CA","potentialAction":[{"@type":"ReadAction","target":["https:\/\/barbegazi.tribu.co\/fr\/montreal\/info\/lodging\/"]}]},{"@type":"BreadcrumbList","@id":"https:\/\/barbegazi.tribu.co\/fr\/montreal\/info\/lodging\/#breadcrumb","itemListElement":[{"@type":"ListItem","position":1,"name":"Home","item":"https:\/\/barbegazi.tribu.co\/fr\/"},{"@type":"ListItem","position":2,"name":"Montr\u00e9al","item":"https:\/\/barbegazi.tribu.co\/fr\/montreal\/"},{"@type":"ListItem","position":3,"name":"Info","item":"https:\/\/barbegazi.tribu.co\/fr\/montreal\/info\/"},{"@type":"ListItem","position":4,"name":"H\u00e9bergement"}]},{"@type":"WebSite","@id":"https:\/\/barbegazi.tribu.co\/#website","url":"https:\/\/barbegazi.tribu.co\/","name":"Barbegazi","description":"Festival hivernal","potentialAction":[{"@type":"SearchAction","target":{"@type":"EntryPoint","urlTemplate":"https:\/\/barbegazi.tribu.co\/?s={search_term_string}"},"query-input":{"@type":"PropertyValueSpecification","valueRequired":true,"valueName":"search_term_string"}}],"inLanguage":"fr-CA"}]}},"_links":{"self":[{"href":"https:\/\/barbegazi.tribu.co\/fr\/wp-json\/wp\/v2\/pages\/1134","targetHints":{"allow":["GET"]}}],"collection":[{"href":"https:\/\/barbegazi.tribu.co\/fr\/wp-json\/wp\/v2\/pages"}],"about":[{"href":"https:\/\/barbegazi.tribu.co\/fr\/wp-json\/wp\/v2\/types\/page"}],"author":[{"embeddable":true,"href":"https:\/\/barbegazi.tribu.co\/fr\/wp-json\/wp\/v2\/users\/1"}],"replies":[{"embeddable":true,"href":"https:\/\/barbegazi.tribu.co\/fr\/wp-json\/wp\/v2\/comments?post=1134"}],"version-history":[{"count":23,"href":"https:\/\/barbegazi.tribu.co\/fr\/wp-json\/wp\/v2\/pages\/1134\/revisions"}],"predecessor-version":[{"id":6161,"href":"https:\/\/barbegazi.tribu.co\/fr\/wp-json\/wp\/v2\/pages\/1134\/revisions\/6161"}],"up":[{"embeddable":true,"href":"https:\/\/barbegazi.tribu.co\/fr\/wp-json\/wp\/v2\/pages\/1132"}],"wp:attachment":[{"href":"https:\/\/barbegazi.tribu.co\/fr\/wp-json\/wp\/v2\/media?parent=1134"}],"curies":[{"name":"wp","href":"https:\/\/api.w.org\/{rel}","templated":true}]}}