{"id":1147,"date":"2019-06-05T10:07:10","date_gmt":"2019-06-05T14:07:10","guid":{"rendered":"https:\/\/jackalope.tribu.co\/?page_id=1147"},"modified":"2019-12-11T17:19:21","modified_gmt":"2019-12-11T22:19:21","slug":"volunteers","status":"publish","type":"page","link":"https:\/\/barbegazi.tribu.co\/fr\/montreal\/info\/volunteers\/","title":{"rendered":"B\u00e9n\u00e9voles"},"content":{"rendered":"<section block class=\"b-header-text-image\" data-watch>\n\t<div class=\"container-inset\">\n\n\t\t<div class=\"b-header-text-image-head\"><\/div>\n\t\t<div class=\"b-header-text-image-body\">\n\n\t\t\t<div class=\"b-header-text-image-side\">\n\t\t\t\t<div class=\"b-header-text-image-side-image\">\n\t\t\t\t\t<div class=\"image image--with-layer\"><div class=\"layer\" style=\"background-image: url(http:\/\/barbegazi.tribu.co\/wp-content\/uploads\/sites\/4\/2019\/10\/2017_TribuExperientiel_Barbegazi_J1_BG_1978-780x670-c-default.jpg)\"><\/div><\/div>\n\t\t\t\t<\/div>\n\t\t\t<\/div>\n\n\t\t\t<div class=\"b-header-text-image-main\">\n\n\t\t\t\t<div class=\"b-header-text-image-heading wysiwyg\" data-break-lines=\"h1, h2, p\">\n\t\t\t\t\t<h1>Nos b\u00e9n\u00e9voles<\/h1>\n\n\t\t\t\t<\/div>\n\n\t\t\t\t<div class=\"b-header-text-image-content wysiwyg wysiwyg--lower wysiwyg--color\">\n\t\t\t\t\t<p>Chaque ann\u00e9e, de nombreux b\u00e9n\u00e9voles soutiennent l\u2019\u00e9quipe de BARBEGAZI pour nous aider \u00e0 cr\u00e9er une exp\u00e9rience unique.<\/p>\n<p>T\u2019es un trippeux de sports hivernaux? Tu es d\u00e9brouillard et dynamique ? Joins-toi vite \u00e0 la famille BARBEGAZI !<\/p>\n<p>&nbsp;<\/p>\n\n\t\t\t\t<\/div>\n\n\t\t\t<\/div>\n\n\t\t<\/div>\n\n\t<\/div>\n<\/section>\n\n<section block class=\"b-text-mosaic\" data-watch>\n\t<div class=\"container\">\n\n\t\t\t\t\t<div class=\"b-text-mosaic-heading wysiwyg\">\n\t\t\t\t<h2>Les avantages<\/h2>\n\n\t\t\t<\/div>\n\t\t\n\t\t<div class=\"b-text-mosaic-items\">\n\n\t\t\t\n\t\t\t\t<div\n\t\t\t\t\tclass=\"b-text-mosaic-item\"\n\t\t\t\t\tdata-watch\n\t\t\t\t\tdata-watch-enter=\"0.65\"\n\t\t\t\t\tdata-watch-class=\"item-on-screen\">\n\n\t\t\t\t\t<div class=\"b-text-mosaic-item-head\"><div class=\"image image--with-layer\"><div class=\"layer\" style=\"background-image: url(http:\/\/barbegazi.tribu.co\/wp-content\/uploads\/sites\/4\/2019\/10\/Photo-17-01-08-16-19-46-640x0-c-default.jpg)\"><\/div><\/div><\/div>\n\t\t\t\t\t<div class=\"b-text-mosaic-item-body\">\n\n\t\t\t\t\t\t\n\t\t\t\t\t\t<div class=\"b-text-mosaic-item-content wysiwyg wysiwyg--lower\">\n\t\t\t\t\t\t\t<h3>Vivre l&#8217;exp\u00e9rience BARBEGAZI<\/h3>\n<p>Tu pourras parcourir le site du festival et tripper avec les festivaliers<\/p>\n\n\t\t\t\t\t\t<\/div>\n\n\t\t\t\t\t<\/div>\n\n\t\t\t\t<\/div>\n\n\t\t\t\n\t\t\t\t<div\n\t\t\t\t\tclass=\"b-text-mosaic-item\"\n\t\t\t\t\tdata-watch\n\t\t\t\t\tdata-watch-enter=\"0.65\"\n\t\t\t\t\tdata-watch-class=\"item-on-screen\">\n\n\t\t\t\t\t<div class=\"b-text-mosaic-item-head\"><div class=\"image image--with-layer\"><div class=\"layer\" style=\"background-image: url(http:\/\/barbegazi.tribu.co\/wp-content\/uploads\/sites\/4\/2019\/06\/37400884_1877295822293747_5337841486396391424_n-640x0-c-default.jpg)\"><\/div><\/div><\/div>\n\t\t\t\t\t<div class=\"b-text-mosaic-item-body\">\n\n\t\t\t\t\t\t\n\t\t\t\t\t\t<div class=\"b-text-mosaic-item-content wysiwyg wysiwyg--lower\">\n\t\t\t\t\t\t\t<h3>Acc\u00e8s aux \u00e9v\u00e9nements TRIBU CREW<\/h3>\n<p>Viens t&#8217;en faire le party avec nous! Tu auras un acc\u00e8s exclusif aux \u00e9v\u00e9nements du TRIBU CREW.<\/p>\n\n\t\t\t\t\t\t<\/div>\n\n\t\t\t\t\t<\/div>\n\n\t\t\t\t<\/div>\n\n\t\t\t\n\t\t\t\t<div\n\t\t\t\t\tclass=\"b-text-mosaic-item\"\n\t\t\t\t\tdata-watch\n\t\t\t\t\tdata-watch-enter=\"0.65\"\n\t\t\t\t\tdata-watch-class=\"item-on-screen\">\n\n\t\t\t\t\t<div class=\"b-text-mosaic-item-head\"><div class=\"image image--with-layer\"><div class=\"layer\" style=\"background-image: url(http:\/\/barbegazi.tribu.co\/wp-content\/uploads\/sites\/4\/2019\/11\/2019023_Barbegazi_CBM_1DX_0364-e1574706120939-640x0-c-default.jpg)\"><\/div><\/div><\/div>\n\t\t\t\t\t<div class=\"b-text-mosaic-item-body\">\n\n\t\t\t\t\t\t\n\t\t\t\t\t\t<div class=\"b-text-mosaic-item-content wysiwyg wysiwyg--lower\">\n\t\t\t\t\t\t\t<h3>Faire partie de l&#8217;\u00e9quipe<\/h3>\n<p>C&#8217;est l&#8217;occasion d&#8217;acqu\u00e9rir de l&#8217;exp\u00e9rience en travaillant dans les coulisses d&#8217;un festival ; b\u00e9n\u00e9ficier des repas offerts lors de tes shifts, et recevoir en cadeau ta tuque BARBEGAZI.<\/p>\n\n\t\t\t\t\t\t<\/div>\n\n\t\t\t\t\t<\/div>\n\n\t\t\t\t<\/div>\n\n\t\t\t\n\t\t<\/div>\n\n\t<\/div>\n<\/section>\n\n<section block class=\"b-cta\" data-watch>\n\n\t<div class=\"b-cta-background\" data-background-noise><\/div>\n\t<div class=\"b-cta-foreground\">\n\t\t<div class=\"container\">\n\n\t\t\t\t\t\t\t<div class=\"b-cta-head\">\n\t\t\t\t\t<div class=\"b-cta-heading b-cta-heading--btt wysiwyg\">\n\t\t\t\t\t\t<div class=\"b-cta-heading-marquee\">\n\t\t\t\t\t\t\t<div class=\"b-cta-heading-marquee-text\" data-break-words=\"h1, h2, p\">\n\t\t\t\t\t\t\t\t<h2>B\u00e9n\u00e9voles BARBEGAZI<\/h2>\n\n\t\t\t\t\t\t\t<\/div>\n\t\t\t\t\t\t<\/div>\n\t\t\t\t\t<\/div>\n\t\t\t\t<\/div>\n\t\t\t\n\t\t\t<div class=\"b-cta-body\">\n\n\t\t\t\t\n\t\t\t\t\t\t\t\t\t<div class=\"b-cta-content wysiwyg\" data-break-lines=\"p:first-child\">\n\t\t\t\t\t\t<p>Pourquoi pas toi?<\/p>\n<p class=\"small\">Envoie tes infos!<\/p>\n<p><a class=\"button button--primary\" href=\"mailto:sabrina@tribu.co\">Par ici!<\/a><\/p>\n\n\t\t\t\t\t<\/div>\n\t\t\t\t\n\t\t\t\t\n\t\t\t<\/div>\n\n\t\t\t\t\t\t\t<div class=\"b-cta-foot\">\n\t\t\t\t\t<div class=\"b-cta-heading b-cta-heading--ttb wysiwyg\">\n\t\t\t\t\t\t<div class=\"b-cta-heading-marquee\">\n\t\t\t\t\t\t\t<div class=\"b-cta-heading-marquee-text\" data-break-words=\"h1, h2, p\">\n\t\t\t\t\t\t\t\t<h2>B\u00e9n\u00e9voles BARBEGAZI<\/h2>\n\n\t\t\t\t\t\t\t<\/div>\n\t\t\t\t\t\t<\/div>\n\t\t\t\t\t<\/div>\n\t\t\t\t<\/div>\n\t\t\t\n\t\t<\/div>\n\t<\/div>\n\n<\/section>","protected":false},"excerpt":{"rendered":"","protected":false},"author":1,"featured_media":0,"parent":1132,"menu_order":1,"comment_status":"closed","ping_status":"closed","template":"","meta":{"_acf_changed":false,"content-type":"","footnotes":""},"class_list":["post-1147","page","type-page","status-publish","hentry"],"acf":[],"yoast_head":"<!-- This site is optimized with the Yoast SEO plugin v26.7 - https:\/\/yoast.com\/wordpress\/plugins\/seo\/ -->\n<title>B\u00e9n\u00e9voles - Barbegazi<\/title>\n<meta name=\"robots\" content=\"index, follow, max-snippet:-1, max-image-preview:large, max-video-preview:-1\" \/>\n<link rel=\"canonical\" href=\"https:\/\/barbegazi.tribu.co\/fr\/montreal\/info\/volunteers\/\" \/>\n<meta property=\"og:locale\" content=\"fr_CA\" \/>\n<meta property=\"og:type\" content=\"article\" \/>\n<meta property=\"og:title\" content=\"B\u00e9n\u00e9voles - Barbegazi\" \/>\n<meta property=\"og:url\" content=\"https:\/\/barbegazi.tribu.co\/fr\/montreal\/info\/volunteers\/\" \/>\n<meta property=\"og:site_name\" content=\"Barbegazi\" \/>\n<meta property=\"article:publisher\" content=\"https:\/\/www.facebook.com\/barbegazifest\/\" \/>\n<meta property=\"article:modified_time\" content=\"2019-12-11T22:19:21+00:00\" \/>\n<meta property=\"og:image\" content=\"https:\/\/barbegazi.tribu.co\/wp-content\/uploads\/sites\/4\/2020\/01\/Sans-titre-11.png\" \/>\n\t<meta property=\"og:image:width\" content=\"1200\" \/>\n\t<meta property=\"og:image:height\" content=\"628\" \/>\n\t<meta property=\"og:image:type\" content=\"image\/png\" \/>\n<meta name=\"twitter:card\" content=\"summary_large_image\" \/>\n<script type=\"application\/ld+json\" class=\"yoast-schema-graph\">{\"@context\":\"https:\/\/schema.org\",\"@graph\":[{\"@type\":\"WebPage\",\"@id\":\"https:\/\/barbegazi.tribu.co\/fr\/montreal\/info\/volunteers\/\",\"url\":\"https:\/\/barbegazi.tribu.co\/fr\/montreal\/info\/volunteers\/\",\"name\":\"B\u00e9n\u00e9voles - Barbegazi\",\"isPartOf\":{\"@id\":\"https:\/\/barbegazi.tribu.co\/#website\"},\"datePublished\":\"2019-06-05T14:07:10+00:00\",\"dateModified\":\"2019-12-11T22:19:21+00:00\",\"breadcrumb\":{\"@id\":\"https:\/\/barbegazi.tribu.co\/fr\/montreal\/info\/volunteers\/#breadcrumb\"},\"inLanguage\":\"fr-CA\",\"potentialAction\":[{\"@type\":\"ReadAction\",\"target\":[\"https:\/\/barbegazi.tribu.co\/fr\/montreal\/info\/volunteers\/\"]}]},{\"@type\":\"BreadcrumbList\",\"@id\":\"https:\/\/barbegazi.tribu.co\/fr\/montreal\/info\/volunteers\/#breadcrumb\",\"itemListElement\":[{\"@type\":\"ListItem\",\"position\":1,\"name\":\"Home\",\"item\":\"https:\/\/barbegazi.tribu.co\/fr\/\"},{\"@type\":\"ListItem\",\"position\":2,\"name\":\"Montr\u00e9al\",\"item\":\"https:\/\/barbegazi.tribu.co\/fr\/montreal\/\"},{\"@type\":\"ListItem\",\"position\":3,\"name\":\"Info\",\"item\":\"https:\/\/barbegazi.tribu.co\/fr\/montreal\/info\/\"},{\"@type\":\"ListItem\",\"position\":4,\"name\":\"B\u00e9n\u00e9voles\"}]},{\"@type\":\"WebSite\",\"@id\":\"https:\/\/barbegazi.tribu.co\/#website\",\"url\":\"https:\/\/barbegazi.tribu.co\/\",\"name\":\"Barbegazi\",\"description\":\"Festival hivernal\",\"potentialAction\":[{\"@type\":\"SearchAction\",\"target\":{\"@type\":\"EntryPoint\",\"urlTemplate\":\"https:\/\/barbegazi.tribu.co\/?s={search_term_string}\"},\"query-input\":{\"@type\":\"PropertyValueSpecification\",\"valueRequired\":true,\"valueName\":\"search_term_string\"}}],\"inLanguage\":\"fr-CA\"}]}<\/script>\n<!-- \/ Yoast SEO plugin. -->","yoast_head_json":{"title":"B\u00e9n\u00e9voles - Barbegazi","robots":{"index":"index","follow":"follow","max-snippet":"max-snippet:-1","max-image-preview":"max-image-preview:large","max-video-preview":"max-video-preview:-1"},"canonical":"https:\/\/barbegazi.tribu.co\/fr\/montreal\/info\/volunteers\/","og_locale":"fr_CA","og_type":"article","og_title":"B\u00e9n\u00e9voles - Barbegazi","og_url":"https:\/\/barbegazi.tribu.co\/fr\/montreal\/info\/volunteers\/","og_site_name":"Barbegazi","article_publisher":"https:\/\/www.facebook.com\/barbegazifest\/","article_modified_time":"2019-12-11T22:19:21+00:00","og_image":[{"width":1200,"height":628,"url":"https:\/\/barbegazi.tribu.co\/wp-content\/uploads\/sites\/4\/2020\/01\/Sans-titre-11.png","type":"image\/png"}],"twitter_card":"summary_large_image","schema":{"@context":"https:\/\/schema.org","@graph":[{"@type":"WebPage","@id":"https:\/\/barbegazi.tribu.co\/fr\/montreal\/info\/volunteers\/","url":"https:\/\/barbegazi.tribu.co\/fr\/montreal\/info\/volunteers\/","name":"B\u00e9n\u00e9voles - Barbegazi","isPartOf":{"@id":"https:\/\/barbegazi.tribu.co\/#website"},"datePublished":"2019-06-05T14:07:10+00:00","dateModified":"2019-12-11T22:19:21+00:00","breadcrumb":{"@id":"https:\/\/barbegazi.tribu.co\/fr\/montreal\/info\/volunteers\/#breadcrumb"},"inLanguage":"fr-CA","potentialAction":[{"@type":"ReadAction","target":["https:\/\/barbegazi.tribu.co\/fr\/montreal\/info\/volunteers\/"]}]},{"@type":"BreadcrumbList","@id":"https:\/\/barbegazi.tribu.co\/fr\/montreal\/info\/volunteers\/#breadcrumb","itemListElement":[{"@type":"ListItem","position":1,"name":"Home","item":"https:\/\/barbegazi.tribu.co\/fr\/"},{"@type":"ListItem","position":2,"name":"Montr\u00e9al","item":"https:\/\/barbegazi.tribu.co\/fr\/montreal\/"},{"@type":"ListItem","position":3,"name":"Info","item":"https:\/\/barbegazi.tribu.co\/fr\/montreal\/info\/"},{"@type":"ListItem","position":4,"name":"B\u00e9n\u00e9voles"}]},{"@type":"WebSite","@id":"https:\/\/barbegazi.tribu.co\/#website","url":"https:\/\/barbegazi.tribu.co\/","name":"Barbegazi","description":"Festival hivernal","potentialAction":[{"@type":"SearchAction","target":{"@type":"EntryPoint","urlTemplate":"https:\/\/barbegazi.tribu.co\/?s={search_term_string}"},"query-input":{"@type":"PropertyValueSpecification","valueRequired":true,"valueName":"search_term_string"}}],"inLanguage":"fr-CA"}]}},"_links":{"self":[{"href":"https:\/\/barbegazi.tribu.co\/fr\/wp-json\/wp\/v2\/pages\/1147","targetHints":{"allow":["GET"]}}],"collection":[{"href":"https:\/\/barbegazi.tribu.co\/fr\/wp-json\/wp\/v2\/pages"}],"about":[{"href":"https:\/\/barbegazi.tribu.co\/fr\/wp-json\/wp\/v2\/types\/page"}],"author":[{"embeddable":true,"href":"https:\/\/barbegazi.tribu.co\/fr\/wp-json\/wp\/v2\/users\/1"}],"replies":[{"embeddable":true,"href":"https:\/\/barbegazi.tribu.co\/fr\/wp-json\/wp\/v2\/comments?post=1147"}],"version-history":[{"count":48,"href":"https:\/\/barbegazi.tribu.co\/fr\/wp-json\/wp\/v2\/pages\/1147\/revisions"}],"predecessor-version":[{"id":6160,"href":"https:\/\/barbegazi.tribu.co\/fr\/wp-json\/wp\/v2\/pages\/1147\/revisions\/6160"}],"up":[{"embeddable":true,"href":"https:\/\/barbegazi.tribu.co\/fr\/wp-json\/wp\/v2\/pages\/1132"}],"wp:attachment":[{"href":"https:\/\/barbegazi.tribu.co\/fr\/wp-json\/wp\/v2\/media?parent=1147"}],"curies":[{"name":"wp","href":"https:\/\/api.w.org\/{rel}","templated":true}]}}