{"id":1148,"date":"2019-06-05T10:07:19","date_gmt":"2019-06-05T14:07:19","guid":{"rendered":"https:\/\/jackalope.tribu.co\/?page_id=1148"},"modified":"2019-12-11T17:19:21","modified_gmt":"2019-12-11T22:19:21","slug":"partners","status":"publish","type":"page","link":"https:\/\/barbegazi.tribu.co\/fr\/montreal\/info\/partners\/","title":{"rendered":"Partenaires"},"content":{"rendered":"<section block class=\"b-header-text-image\" data-watch>\n\t<div class=\"container-inset\">\n\n\t\t<div class=\"b-header-text-image-head\"><\/div>\n\t\t<div class=\"b-header-text-image-body\">\n\n\t\t\t<div class=\"b-header-text-image-side\">\n\t\t\t\t<div class=\"b-header-text-image-side-image\">\n\t\t\t\t\t<div class=\"image image--with-layer\"><div class=\"layer\" style=\"background-image: url(http:\/\/barbegazi.tribu.co\/wp-content\/uploads\/sites\/4\/2019\/11\/9-1-780x670-c-default.jpg)\"><\/div><\/div>\n\t\t\t\t<\/div>\n\t\t\t<\/div>\n\n\t\t\t<div class=\"b-header-text-image-main\">\n\n\t\t\t\t<div class=\"b-header-text-image-heading wysiwyg\" data-break-lines=\"h1, h2, p\">\n\t\t\t\t\t<h1>Nos<br \/>\nPartenaires<\/h1>\n\n\t\t\t\t<\/div>\n\n\t\t\t\t<div class=\"b-header-text-image-content wysiwyg wysiwyg--lower wysiwyg--color\">\n\t\t\t\t\t<p>BARBEGAZI est l\u2019occasion id\u00e9ale de communiquer avec un public cible \u00e0 travers des \u00e9motions fortes et des exp\u00e9riences hors du commun.<br \/>\nContactez-nous pour conna\u00eetre les opportunit\u00e9s.<\/p>\n<p><a class=\"button button--more\" href=\"mailto:bachir@tribu.co\">Devenez partenaire<\/a><\/p>\n\n\t\t\t\t<\/div>\n\n\t\t\t<\/div>\n\n\t\t<\/div>\n\n\t<\/div>\n<\/section>\n\n<section block class=\"b-partner-mosaic\" data-watch>\n\t<div class=\"container\">\n\n\t\t\n\t\t\t<div class=\"b-partner-mosaic-filters\">\n\n\t\t\t\t<div class=\"b-partner-mosaic-filters-wrapper\">\n\n\t\t\t\t\t\n\t\t\t\t\t\t<div class=\"b-partner-mosaic-filter \">\n\n\t\t\t\t\t\t\t<span\n\t\t\t\t\t\t\t\tdata-taxo=\"\"\n\t\t\t\t\t\t\t\tdata-term=\"all\">\n\t\t\t\t\t\t\t<\/span>\n\n\t\t\t\t\t\t\t<div class=\"b-partner-mosaic-filter-label\">Tout<\/div>\n\t\t\t\t\t\t\t<div class=\"b-partner-mosaic-filter-count\">4<\/div>\n\n\t\t\t\t\t\t\t\n\t\t\t\t\t\t<\/div>\n\n\t\t\t\t\t\n\t\t\t\t\t\t<div class=\"b-partner-mosaic-filter \">\n\n\t\t\t\t\t\t\t<span\n\t\t\t\t\t\t\t\tdata-taxo=\"type\"\n\t\t\t\t\t\t\t\tdata-term=\"partner\">\n\t\t\t\t\t\t\t<\/span>\n\n\t\t\t\t\t\t\t<div class=\"b-partner-mosaic-filter-label\">Partenaires<\/div>\n\t\t\t\t\t\t\t<div class=\"b-partner-mosaic-filter-count\">4<\/div>\n\n\t\t\t\t\t\t\t\n\t\t\t\t\t\t<\/div>\n\n\t\t\t\t\t\n\t\t\t\t<\/div>\n\n\t\t\t\t<div class=\"b-partner-mosaic-filters-arrow\">\n\t\t\t\t\t<svg xmlns=\"http:\/\/www.w3.org\/2000\/svg\" viewBox=\"0 0 936 720\">\n\t\t\t\t\t\t<path stroke=\"#fff\" stroke-width=\"1rem\" fill=\"transparent\" d=\"M518.5 124l189 189h-659v94h658.6c-62.9 62.6-125.5 125.6-188.6 188 22 22 45 44 67 67 100-101 201-202 302-302l-302-302c-22 22-45 44-67 66z\"\/>\n\t\t\t\t\t<\/svg>\n\t\t\t\t<\/div>\n\n\t\t\t<\/div>\n\n\t\t\n\t\t<div class=\"b-partner-mosaic-heading wysiwyg\">\n\t\t\t<h1>Partenaires<\/h1>\n\t\t<\/div>\n\n\t\t<div class=\"b-partner-mosaic-items\">\n\n\t\t\t\n\t\t\t\t<div\n\t\t\t\t\tclass=\"b-partner-mosaic-item\"\n\t\t\t\t\tdata-watch\n\t\t\t\t\tdata-watch-class=\"item-on-screen\"\n\t\t\t\t\tdata-watch-enter=\"0.65\"\n\t\t\t\t\tdata-watch-check=\"250\"\n\t\t\t\t\tdata-type=\"partner\">\n\n\t\t\t\t\t\n\t\t\t\t\t<span\n\t\t\t\t\t\tdata-taxo=\"type\"\n\t\t\t\t\t\tdata-term=\"partner\">\n\t\t\t\t\t<\/span>\n\n\t\t\t\t\t\n\t\t\t\t\t\t\n\t\t\t\t\t\t\t<div class=\"b-partner-mosaic-partner\">\n\t\t\t\t\t\t\t\t<div class=\"b-partner-mosaic-partner-title\">Avec le support de<\/div>\n\t\t\t\t\t\t\t\t<div class=\"b-partner-mosaic-partner-items\">\n\n\t\t\t\t\t\t\t\t\t\n\t\t\t\t\t\t\t\t\t\t<div class=\"b-partner-mosaic-partner-item\">\n\n\t\t\t\t\t\t\t\t\t\t\t\t\t\t\t\t\t\t\t\t\t\t\t<a href=\"http:\/\/ville.montreal.qc.ca\/\"  target=\"_blank\" >\n\t\t\t\t\t\t\t\t\t\t\t\n\t\t\t\t\t\t\t\t\t\t\t\t<img decoding=\"async\" src=\"https:\/\/barbegazi.tribu.co\/wp-content\/uploads\/sites\/4\/2019\/06\/Partenaire-Montreal.png\">\n\n\t\t\t\t\t\t\t\t\t\t\t\t\t\t\t\t\t\t\t\t\t\t\t<\/a>\n\t\t\t\t\t\t\t\t\t\t\t\n\t\t\t\t\t\t\t\t\t\t<\/div>\n\n\t\t\t\t\t\t\t\t\t\n\t\t\t\t\t\t\t\t\t\t<div class=\"b-partner-mosaic-partner-item\">\n\n\t\t\t\t\t\t\t\t\t\t\t\t\t\t\t\t\t\t\t\t\t\t\t<a href=\"https:\/\/www.mtl.org\/fr\"  target=\"_blank\" >\n\t\t\t\t\t\t\t\t\t\t\t\n\t\t\t\t\t\t\t\t\t\t\t\t<img decoding=\"async\" src=\"https:\/\/barbegazi.tribu.co\/wp-content\/uploads\/sites\/4\/2019\/06\/Partenaire-Tourisme-Montreal.png\">\n\n\t\t\t\t\t\t\t\t\t\t\t\t\t\t\t\t\t\t\t\t\t\t\t<\/a>\n\t\t\t\t\t\t\t\t\t\t\t\n\t\t\t\t\t\t\t\t\t\t<\/div>\n\n\t\t\t\t\t\t\t\t\t\n\t\t\t\t\t\t\t\t<\/div>\n\t\t\t\t\t\t\t<\/div>\n\n\t\t\t\t\t\t\n\t\t\t\t\t\t\t<div class=\"b-partner-mosaic-partner\">\n\t\t\t\t\t\t\t\t<div class=\"b-partner-mosaic-partner-title\">Une invitation de<\/div>\n\t\t\t\t\t\t\t\t<div class=\"b-partner-mosaic-partner-items\">\n\n\t\t\t\t\t\t\t\t\t\n\t\t\t\t\t\t\t\t\t\t<div class=\"b-partner-mosaic-partner-item\">\n\n\t\t\t\t\t\t\t\t\t\t\t\t\t\t\t\t\t\t\t\t\t\t\t<a href=\"https:\/\/parcolympique.qc.ca\/\"  target=\"_blank\" >\n\t\t\t\t\t\t\t\t\t\t\t\n\t\t\t\t\t\t\t\t\t\t\t\t<img decoding=\"async\" src=\"https:\/\/barbegazi.tribu.co\/wp-content\/uploads\/sites\/4\/2019\/06\/POL_logoH_Renv_BLANC-01-e1559847721133.png\">\n\n\t\t\t\t\t\t\t\t\t\t\t\t\t\t\t\t\t\t\t\t\t\t\t<\/a>\n\t\t\t\t\t\t\t\t\t\t\t\n\t\t\t\t\t\t\t\t\t\t<\/div>\n\n\t\t\t\t\t\t\t\t\t\n\t\t\t\t\t\t\t\t<\/div>\n\t\t\t\t\t\t\t<\/div>\n\n\t\t\t\t\t\t\n\t\t\t\t\t\t\t<div class=\"b-partner-mosaic-partner\">\n\t\t\t\t\t\t\t\t<div class=\"b-partner-mosaic-partner-title\">Une initiative de<\/div>\n\t\t\t\t\t\t\t\t<div class=\"b-partner-mosaic-partner-items\">\n\n\t\t\t\t\t\t\t\t\t\n\t\t\t\t\t\t\t\t\t\t<div class=\"b-partner-mosaic-partner-item\">\n\n\t\t\t\t\t\t\t\t\t\t\t\t\t\t\t\t\t\t\t\t\t\t\t<a href=\"https:\/\/tribu.co\/fr\/\"  target=\"_blank\" >\n\t\t\t\t\t\t\t\t\t\t\t\n\t\t\t\t\t\t\t\t\t\t\t\t<img decoding=\"async\" src=\"https:\/\/barbegazi.tribu.co\/wp-content\/uploads\/sites\/4\/2019\/06\/TE-logo_RGBrenv-e1560191955312.png\">\n\n\t\t\t\t\t\t\t\t\t\t\t\t\t\t\t\t\t\t\t\t\t\t\t<\/a>\n\t\t\t\t\t\t\t\t\t\t\t\n\t\t\t\t\t\t\t\t\t\t<\/div>\n\n\t\t\t\t\t\t\t\t\t\n\t\t\t\t\t\t\t\t<\/div>\n\t\t\t\t\t\t\t<\/div>\n\n\t\t\t\t\t\t\n\t\t\t\t\t\n\t\t\t\t\t\n\t\t\t\t\t\n\t\t\t\t\t\n\t\t\t\t\t\n\t\t\t\t<\/div>\n\n\t\t\t\n\t\t<\/div>\n\n\t\t<div class=\"b-partner-mosaic-more\">\n\t\t\t<div class=\"b-partner-mosaic-more-button button button--more\">\n\t\t\t\tPlus\n\t\t\t<\/div>\n\t\t<\/div>\n\n\t<\/div>\n<\/section>\n\n<section block class=\"b-cta\" data-watch>\n\n\t<div class=\"b-cta-background\" data-background-noise><\/div>\n\t<div class=\"b-cta-foreground\">\n\t\t<div class=\"container\">\n\n\t\t\t\t\t\t\t<div class=\"b-cta-head\">\n\t\t\t\t\t<div class=\"b-cta-heading b-cta-heading--btt wysiwyg\">\n\t\t\t\t\t\t<div class=\"b-cta-heading-marquee\">\n\t\t\t\t\t\t\t<div class=\"b-cta-heading-marquee-text\" data-break-words=\"h1, h2, p\">\n\t\t\t\t\t\t\t\t<h2>BARBEGAZI MONTR\u00c9AL<\/h2>\n\n\t\t\t\t\t\t\t<\/div>\n\t\t\t\t\t\t<\/div>\n\t\t\t\t\t<\/div>\n\t\t\t\t<\/div>\n\t\t\t\n\t\t\t<div class=\"b-cta-body\">\n\n\t\t\t\t\n\t\t\t\t\t\t\t\t\t<div class=\"b-cta-content wysiwyg\" data-break-lines=\"p:first-child\">\n\t\t\t\t\t\t<p>Envie de faire<br \/>\npartie de BARBEGAZI?<\/p>\n<p class=\"small\">Devenez partenaire ou exposant<\/p>\n<p><a class=\"button button--primary\" href=\"https:\/\/jackalope.tribu.co\/fr\/montreal\/info\/contact\/\">Contactez-nous<\/a><\/p>\n\n\t\t\t\t\t<\/div>\n\t\t\t\t\n\t\t\t\t\n\t\t\t<\/div>\n\n\t\t\t\t\t\t\t<div class=\"b-cta-foot\">\n\t\t\t\t\t<div class=\"b-cta-heading b-cta-heading--ttb wysiwyg\">\n\t\t\t\t\t\t<div class=\"b-cta-heading-marquee\">\n\t\t\t\t\t\t\t<div class=\"b-cta-heading-marquee-text\" data-break-words=\"h1, h2, p\">\n\t\t\t\t\t\t\t\t<h2>BARBEGAZI MONTR\u00c9AL<\/h2>\n\n\t\t\t\t\t\t\t<\/div>\n\t\t\t\t\t\t<\/div>\n\t\t\t\t\t<\/div>\n\t\t\t\t<\/div>\n\t\t\t\n\t\t<\/div>\n\t<\/div>\n\n<\/section>","protected":false},"excerpt":{"rendered":"","protected":false},"author":1,"featured_media":0,"parent":1132,"menu_order":4,"comment_status":"closed","ping_status":"closed","template":"","meta":{"_acf_changed":false,"content-type":"","footnotes":""},"class_list":["post-1148","page","type-page","status-publish","hentry"],"acf":[],"yoast_head":"<!-- This site is optimized with the Yoast SEO plugin v26.7 - https:\/\/yoast.com\/wordpress\/plugins\/seo\/ -->\n<title>Partenaires - Barbegazi<\/title>\n<meta name=\"robots\" content=\"index, follow, max-snippet:-1, max-image-preview:large, max-video-preview:-1\" \/>\n<link rel=\"canonical\" href=\"https:\/\/barbegazi.tribu.co\/fr\/montreal\/info\/partners\/\" \/>\n<meta property=\"og:locale\" content=\"fr_CA\" \/>\n<meta property=\"og:type\" content=\"article\" \/>\n<meta property=\"og:title\" content=\"Partenaires - Barbegazi\" \/>\n<meta property=\"og:url\" content=\"https:\/\/barbegazi.tribu.co\/fr\/montreal\/info\/partners\/\" \/>\n<meta property=\"og:site_name\" content=\"Barbegazi\" \/>\n<meta property=\"article:publisher\" content=\"https:\/\/www.facebook.com\/barbegazifest\/\" \/>\n<meta property=\"article:modified_time\" content=\"2019-12-11T22:19:21+00:00\" \/>\n<meta property=\"og:image\" content=\"https:\/\/barbegazi.tribu.co\/wp-content\/uploads\/sites\/4\/2020\/01\/Sans-titre-11.png\" \/>\n\t<meta property=\"og:image:width\" content=\"1200\" \/>\n\t<meta property=\"og:image:height\" content=\"628\" \/>\n\t<meta property=\"og:image:type\" content=\"image\/png\" \/>\n<meta name=\"twitter:card\" content=\"summary_large_image\" \/>\n<script type=\"application\/ld+json\" class=\"yoast-schema-graph\">{\"@context\":\"https:\/\/schema.org\",\"@graph\":[{\"@type\":\"WebPage\",\"@id\":\"https:\/\/barbegazi.tribu.co\/fr\/montreal\/info\/partners\/\",\"url\":\"https:\/\/barbegazi.tribu.co\/fr\/montreal\/info\/partners\/\",\"name\":\"Partenaires - Barbegazi\",\"isPartOf\":{\"@id\":\"https:\/\/barbegazi.tribu.co\/#website\"},\"datePublished\":\"2019-06-05T14:07:19+00:00\",\"dateModified\":\"2019-12-11T22:19:21+00:00\",\"breadcrumb\":{\"@id\":\"https:\/\/barbegazi.tribu.co\/fr\/montreal\/info\/partners\/#breadcrumb\"},\"inLanguage\":\"fr-CA\",\"potentialAction\":[{\"@type\":\"ReadAction\",\"target\":[\"https:\/\/barbegazi.tribu.co\/fr\/montreal\/info\/partners\/\"]}]},{\"@type\":\"BreadcrumbList\",\"@id\":\"https:\/\/barbegazi.tribu.co\/fr\/montreal\/info\/partners\/#breadcrumb\",\"itemListElement\":[{\"@type\":\"ListItem\",\"position\":1,\"name\":\"Home\",\"item\":\"https:\/\/barbegazi.tribu.co\/fr\/\"},{\"@type\":\"ListItem\",\"position\":2,\"name\":\"Montr\u00e9al\",\"item\":\"https:\/\/barbegazi.tribu.co\/fr\/montreal\/\"},{\"@type\":\"ListItem\",\"position\":3,\"name\":\"Info\",\"item\":\"https:\/\/barbegazi.tribu.co\/fr\/montreal\/info\/\"},{\"@type\":\"ListItem\",\"position\":4,\"name\":\"Partenaires\"}]},{\"@type\":\"WebSite\",\"@id\":\"https:\/\/barbegazi.tribu.co\/#website\",\"url\":\"https:\/\/barbegazi.tribu.co\/\",\"name\":\"Barbegazi\",\"description\":\"Festival hivernal\",\"potentialAction\":[{\"@type\":\"SearchAction\",\"target\":{\"@type\":\"EntryPoint\",\"urlTemplate\":\"https:\/\/barbegazi.tribu.co\/?s={search_term_string}\"},\"query-input\":{\"@type\":\"PropertyValueSpecification\",\"valueRequired\":true,\"valueName\":\"search_term_string\"}}],\"inLanguage\":\"fr-CA\"}]}<\/script>\n<!-- \/ Yoast SEO plugin. -->","yoast_head_json":{"title":"Partenaires - Barbegazi","robots":{"index":"index","follow":"follow","max-snippet":"max-snippet:-1","max-image-preview":"max-image-preview:large","max-video-preview":"max-video-preview:-1"},"canonical":"https:\/\/barbegazi.tribu.co\/fr\/montreal\/info\/partners\/","og_locale":"fr_CA","og_type":"article","og_title":"Partenaires - Barbegazi","og_url":"https:\/\/barbegazi.tribu.co\/fr\/montreal\/info\/partners\/","og_site_name":"Barbegazi","article_publisher":"https:\/\/www.facebook.com\/barbegazifest\/","article_modified_time":"2019-12-11T22:19:21+00:00","og_image":[{"width":1200,"height":628,"url":"https:\/\/barbegazi.tribu.co\/wp-content\/uploads\/sites\/4\/2020\/01\/Sans-titre-11.png","type":"image\/png"}],"twitter_card":"summary_large_image","schema":{"@context":"https:\/\/schema.org","@graph":[{"@type":"WebPage","@id":"https:\/\/barbegazi.tribu.co\/fr\/montreal\/info\/partners\/","url":"https:\/\/barbegazi.tribu.co\/fr\/montreal\/info\/partners\/","name":"Partenaires - Barbegazi","isPartOf":{"@id":"https:\/\/barbegazi.tribu.co\/#website"},"datePublished":"2019-06-05T14:07:19+00:00","dateModified":"2019-12-11T22:19:21+00:00","breadcrumb":{"@id":"https:\/\/barbegazi.tribu.co\/fr\/montreal\/info\/partners\/#breadcrumb"},"inLanguage":"fr-CA","potentialAction":[{"@type":"ReadAction","target":["https:\/\/barbegazi.tribu.co\/fr\/montreal\/info\/partners\/"]}]},{"@type":"BreadcrumbList","@id":"https:\/\/barbegazi.tribu.co\/fr\/montreal\/info\/partners\/#breadcrumb","itemListElement":[{"@type":"ListItem","position":1,"name":"Home","item":"https:\/\/barbegazi.tribu.co\/fr\/"},{"@type":"ListItem","position":2,"name":"Montr\u00e9al","item":"https:\/\/barbegazi.tribu.co\/fr\/montreal\/"},{"@type":"ListItem","position":3,"name":"Info","item":"https:\/\/barbegazi.tribu.co\/fr\/montreal\/info\/"},{"@type":"ListItem","position":4,"name":"Partenaires"}]},{"@type":"WebSite","@id":"https:\/\/barbegazi.tribu.co\/#website","url":"https:\/\/barbegazi.tribu.co\/","name":"Barbegazi","description":"Festival hivernal","potentialAction":[{"@type":"SearchAction","target":{"@type":"EntryPoint","urlTemplate":"https:\/\/barbegazi.tribu.co\/?s={search_term_string}"},"query-input":{"@type":"PropertyValueSpecification","valueRequired":true,"valueName":"search_term_string"}}],"inLanguage":"fr-CA"}]}},"_links":{"self":[{"href":"https:\/\/barbegazi.tribu.co\/fr\/wp-json\/wp\/v2\/pages\/1148","targetHints":{"allow":["GET"]}}],"collection":[{"href":"https:\/\/barbegazi.tribu.co\/fr\/wp-json\/wp\/v2\/pages"}],"about":[{"href":"https:\/\/barbegazi.tribu.co\/fr\/wp-json\/wp\/v2\/types\/page"}],"author":[{"embeddable":true,"href":"https:\/\/barbegazi.tribu.co\/fr\/wp-json\/wp\/v2\/users\/1"}],"replies":[{"embeddable":true,"href":"https:\/\/barbegazi.tribu.co\/fr\/wp-json\/wp\/v2\/comments?post=1148"}],"version-history":[{"count":30,"href":"https:\/\/barbegazi.tribu.co\/fr\/wp-json\/wp\/v2\/pages\/1148\/revisions"}],"predecessor-version":[{"id":6066,"href":"https:\/\/barbegazi.tribu.co\/fr\/wp-json\/wp\/v2\/pages\/1148\/revisions\/6066"}],"up":[{"embeddable":true,"href":"https:\/\/barbegazi.tribu.co\/fr\/wp-json\/wp\/v2\/pages\/1132"}],"wp:attachment":[{"href":"https:\/\/barbegazi.tribu.co\/fr\/wp-json\/wp\/v2\/media?parent=1148"}],"curies":[{"name":"wp","href":"https:\/\/api.w.org\/{rel}","templated":true}]}}